{"id":1652,"date":"2011-03-03T21:21:45","date_gmt":"2011-03-04T02:21:45","guid":{"rendered":"http:\/\/lampefoundation.org\/fr\/?page_id=1652"},"modified":"2025-01-14T13:21:33","modified_gmt":"2025-01-14T18:21:33","slug":"a-propos-de-nous","status":"publish","type":"page","link":"https:\/\/lampefoundation.org\/fr\/a-propos-de-nous\/","title":{"rendered":"\u00c0 propos de nous"},"content":{"rendered":"<div class=\"wpb-content-wrapper\"><p>[vc_row][vc_column width=\u00a0\u00bb2\/3&Prime;][vc_column_text]<!--:en-->La Fondation des bourses d\u2019\u00e9tudes a \u00e9t\u00e9 \u00e9tablie en 1993 en tant qu\u2019organisme de bienfaisance et renomm\u00e9e Fondation LAMPE en 2010. Elle vise \u00e0 soutenir l\u2019\u00e9ducation d\u2019hommes et de femmes dans notre communaut\u00e9 et \u00e0 encourager la poursuite des \u00e9tudes. Nous croyons qu\u2019\u00e9duquer la population permet aux individus de contribuer \u00e0 notre soci\u00e9t\u00e9 de fa\u00e7on significative, autant au niveau de leur carri\u00e8re que dans leur vie familiale.<\/p>\n<h3><span style=\"color: #032f64;\">Mission<\/span><\/h3>\n<p>La Fondation Lampe est un organisme communautaire \u00e0 but non lucratif. La Fondation se d\u00e9die au soutien \u00e0 l\u2019\u00e9ducation en offrant une assistance financi\u00e8re et du mentorat aux \u00e9tudiants qualifi\u00e9s des Cantons de l\u2019Est.<\/p>\n<p>La Fondation offre aussi des bourses d\u2019\u00e9tudes du patrimoine et autres prix aux \u00e9tudiants ayant d\u00e9montr\u00e9 leur capacit\u00e9 \u00e0 s\u2019engager dans leur communaut\u00e9 en tant que leaders. Par exemple, des bourses d\u2019\u00e9tudes de la Fondation du Sherbrooke Hospital sont remises \u00e0 des \u00e9tudiants des Cantons de l\u2019Est en voie de devenir des professionnels de la sant\u00e9 et qui d\u00e9sirent pratiquer dans la r\u00e9gion apr\u00e8s leurs \u00e9tudes.[\/vc_column_text]<blockquote class=\"text-big shortcode-blockquote\"><p>Je suis tr\u00e8s reconnaissante pour tout votre soutien. C\u2019est une sensation agr\u00e9able de pouvoir se concentrer pleinement sur ses \u00e9tudes plut\u00f4t que d\u2019avoir \u00e0 travailler en m\u00eame temps. Cela a permis que j\u2019acqui\u00e8re toutes les comp\u00e9tences n\u00e9cessaires pour devenir la meilleure infirmi\u00e8re possible. Ce n\u2019aurait pas \u00e9t\u00e9 aussi facile sans l\u2019assistance de la Fondation Lampe. J\u2019appr\u00e9cie sinc\u00e8rement votre contribution \u00e0 mon succ\u00e8s. Merci beaucoup!<br \/>\n&#8211; Mwali Muray<\/p>\n<\/blockquote>[\/vc_column][vc_column width=\u00a0\u00bb1\/3&Prime;][vc_single_image image=\u00a0\u00bb3220&Prime; img_size=\u00a0\u00bbfull\u00a0\u00bb][vc_column_text css=\u00a0\u00bb\u00a0\u00bb]<\/p>\n<h3><span style=\"color: #032f64;\">Rapports annuels<\/span><\/h3>\n<p><a href=\"http:\/\/lampefoundation.org\/wp-content\/uploads\/2024\/02\/Lampe-Foundation-Annual-Report-2022FR.pdf\">Foundation Lampe rapport annuel 2022<\/a><\/p>\n<p><a href=\"http:\/\/lampefoundation.org\/wp-content\/uploads\/2021\/07\/Lampe-Foundation-Annual-Report-2020_French.pdf\">Fondation Lampe&nbsp; rapport annuel 2020<\/a>[\/vc_column_text][\/vc_column][\/vc_row]<\/p>\n<\/div>","protected":false},"excerpt":{"rendered":"<p>[vc_row][vc_column width=\u00a0\u00bb2\/3&Prime;][vc_column_text]La Fondation des bourses d\u2019\u00e9tudes a \u00e9t\u00e9 \u00e9tablie en 1993 en tant qu\u2019organisme de bienfaisance et renomm\u00e9e Fondation LAMPE en 2010. Elle vise \u00e0 soutenir l\u2019\u00e9ducation d\u2019hommes et de femmes dans notre communaut\u00e9 et \u00e0 encourager la poursuite des \u00e9tudes. Nous croyons qu\u2019\u00e9duquer la population permet aux individus de contribuer \u00e0 notre soci\u00e9t\u00e9 de&hellip;<\/p>\n","protected":false},"author":1,"featured_media":0,"parent":0,"menu_order":0,"comment_status":"closed","ping_status":"closed","template":"","meta":{"ngg_post_thumbnail":0,"footnotes":""},"class_list":["post-1652","page","type-page","status-publish","hentry","description-off"],"_links":{"self":[{"href":"https:\/\/lampefoundation.org\/fr\/wp-json\/wp\/v2\/pages\/1652","targetHints":{"allow":["GET"]}}],"collection":[{"href":"https:\/\/lampefoundation.org\/fr\/wp-json\/wp\/v2\/pages"}],"about":[{"href":"https:\/\/lampefoundation.org\/fr\/wp-json\/wp\/v2\/types\/page"}],"author":[{"embeddable":true,"href":"https:\/\/lampefoundation.org\/fr\/wp-json\/wp\/v2\/users\/1"}],"replies":[{"embeddable":true,"href":"https:\/\/lampefoundation.org\/fr\/wp-json\/wp\/v2\/comments?post=1652"}],"version-history":[{"count":7,"href":"https:\/\/lampefoundation.org\/fr\/wp-json\/wp\/v2\/pages\/1652\/revisions"}],"predecessor-version":[{"id":4018,"href":"https:\/\/lampefoundation.org\/fr\/wp-json\/wp\/v2\/pages\/1652\/revisions\/4018"}],"wp:attachment":[{"href":"https:\/\/lampefoundation.org\/fr\/wp-json\/wp\/v2\/media?parent=1652"}],"curies":[{"name":"wp","href":"https:\/\/api.w.org\/{rel}","templated":true}]}}