{"id":1654,"date":"2015-12-22T07:14:36","date_gmt":"2015-12-22T07:14:36","guid":{"rendered":"http:\/\/lampefoundation.org\/fr\/?page_id=1654"},"modified":"2023-01-22T19:26:44","modified_gmt":"2023-01-23T00:26:44","slug":"mentorat","status":"publish","type":"page","link":"https:\/\/lampefoundation.org\/fr\/mentorat\/","title":{"rendered":"Mentorat"},"content":{"rendered":"<p><a name=\"mascu\"><\/a><\/p>\n<table width=\"670\" cellspacing=\"0\" cellpadding=\"4\" border=\"0\" align=\"center\">\n<tbody>\n<tr>\n<td><i>Note : Dans ce document, le genre masculin est utilis\u00e9 comme g\u00e9n\u00e9rique, dans le seul but de ne pas alourdir le texte.<\/i><\/td>\n<\/tr>\n<\/tbody>\n<\/table>\n<p><a name=\"mascu\"><\/a><\/p>\n<h2><b>Introduction<\/b><\/h2>\n<p>F\u00e9licitation pour l&rsquo;obtention de votre bourse! La Fondation Lampe vous offre la possibilit\u00e9 d&rsquo;\u00eatre en contact avec un mentor, c&rsquo;est-\u00e0-dire une personne qui peut vous aider et vous guider dans la r\u00e9alisation de vos objectifs de carri\u00e8re. Le but de ce guide est de vous fournir quelques informations qui vous permettront d&rsquo;avoir une relation fructueuse et productive avec votre mentor. Nous d\u00e9finissons le mentorat comme un partenariat. Chaque partenaire a un r\u00f4le et les deux doivent conjointement s&rsquo;investir dans la relation.<\/p>\n<p>Ce guide d\u00e9crit en d\u00e9tail les avantages d&rsquo;avoir un mentor et les moyens pour cr\u00e9er et maintenir une relation de mentorat r\u00e9ussie. S&rsquo;il vous pla\u00eet, prenez le temps de vous familiariser avec les informations contenues dans ce guide et n&rsquo;h\u00e9sitez pas \u00e0 contacter un membre du comit\u00e9 de mentorat&nbsp;si vous avez des questions. Si ce n&rsquo;est pas le moment id\u00e9al pour vous d&rsquo;\u00e9tablir une relation de mentorat mais que vous aimeriez acc\u00e9der \u00e0 ce service ult\u00e9rieurement, contactez-nous au moment opportun et nous tenterons de vous jumeler avec un mentor.<\/p>\n<h2><b>Le but et les avantages d&rsquo;avoir un mentor<\/b><\/h2>\n<p>Le mentorat vous donne l&rsquo;occasion d&rsquo;apprendre de quelqu&rsquo;un ayant une exp\u00e9rience dans votre domaine d&rsquo;int\u00e9r\u00eat. Un mentor est une personne qui peut vous guider et r\u00e9pondre \u00e0 vos questions en relation avec votre nouveau projet de carri\u00e8re. C&rsquo;est aussi quelqu&rsquo;un avec qui \u00e9changer des id\u00e9es. Cette relation permet \u00e0 votre mentor de partager ses exp\u00e9riences et ses connaissances acquises au fil de plusieurs ann\u00e9es. Le mentor a donc une opportunit\u00e9 d&rsquo;aider, de mani\u00e8re significative, une personne qui s&rsquo;engage sur une voie qu&rsquo;il conna\u00eet bien. C&rsquo;est une fa\u00e7on de donner au suivant!<\/p>\n<p>En \u00e9tant jumel\u00e9 avec un mentor, vous franchissez une autre \u00e9tape importante dans le monde du r\u00e9seautage, un aspect essentiel de la recherche d&#8217;emploi pour toute personne d\u00e9sireuse d&rsquo;atteindre ses objectifs professionnels.<\/p>\n<p>Autres avantages qui d\u00e9coulent du mentorat :<\/p>\n<ul>\n<li>Conseils sur l&rsquo;\u00e9laboration d&rsquo;une image professionnelle;<\/li>\n<li>Occasion de pr\u00e9ciser vos objectifs de carri\u00e8re;<\/li>\n<li>Connaissances des pratiques et de l&rsquo;\u00e9thique s&rsquo;appliquant au monde des affaires;<\/li>\n<li>D\u00e9veloppement d&rsquo;un r\u00e9seau de contacts;<\/li>\n<li>Am\u00e9lioration de votre employabilit\u00e9;<\/li>\n<li>Exposition au milieu de travail.<\/li>\n<\/ul>\n<h2><b>Pourquoi r\u00e9seauter?<\/b><\/h2>\n<p>Saviez-vous que&nbsp;80-85 % de tous les emplois ne sont pas annonc\u00e9s publiquement? \u00c0 titre d&rsquo;exemple, mettez-vous dans la peau d&rsquo;un gestionnaire ou d&rsquo;un cadre qui essaie de combler un poste. O\u00f9 allez-vous trouver un bon candidat? Avant d&rsquo;annoncer un&nbsp;poste, la plupart des gens ont tendance \u00e0 faire appel \u00e0 leur entourage pour leur recommander quelqu&rsquo;un d&rsquo;appropri\u00e9 pour le poste. Vos contacts peuvent \u00e9galement vous aider \u00e0 trouver des informations sur votre futur secteur d&rsquo;activit\u00e9 et vous signaler des opportunit\u00e9s que vous n&rsquo;auriez jamais trouv\u00e9es sur un site Web ou dans les journaux. Parler avec les gens, c&rsquo;est rentable! Votre r\u00e9seau est un groupe de personnes qui sont en relation avec vous et parmi lesquelles circule de l&rsquo;information qui peut \u00eatre utile pour vous ou pour d&rsquo;autres personnes. Votre t\u00e2che comme \u00ab\u00a0d\u00e9butant\u00a0\u00bb en r\u00e9seautage est de transformer les inconnus en amis. On ne sait jamais qui a le potentiel de nous mettre en relation avec quelqu&rsquo;un de notre domaine professionnel. Un voisin, un dentiste, un postier, un employ\u00e9 dans un magasin : tout le monde est un lien possible vers le march\u00e9 cach\u00e9 de l&#8217;emploi.<\/p>\n<p>Comme votre mentor est une source d&rsquo;information plut\u00f4t qu&rsquo;un service de placement, il sera certainement en mesure de vous parler de son secteur d&rsquo;activit\u00e9 et de vous orienter dans la bonne direction. Nous esp\u00e9rons que votre mentor constituera la premi\u00e8re \u00e9tape de l&rsquo;expansion de votre r\u00e9seau.<\/p>\n<p>\u00c9valuez votre cercle de contacts et pensez toujours \u00e0 l&rsquo;agrandir. Commencez avec votre mentor et continuez avec les gens que vous rencontrez dans les foires d&#8217;emplois et les \u00e9v\u00e9nements li\u00e9s \u00e0 la carri\u00e8re. Utilisez aussi les r\u00e9seaux sociaux, le travail, le b\u00e9n\u00e9volat et les stages et activit\u00e9s acad\u00e9miques pour b\u00e2tir votre cercle de contacts.<\/p>\n<h2><b> Quoi faire apr\u00e8s avoir \u00e9t\u00e9 jumel\u00e9 \u00e0 un mentor :<\/b><\/h2>\n<p><b>1- Assurez-vous que votre C.V. est \u00e0 jour et que vous avez r\u00e9fl\u00e9chi \u00e0 vos int\u00e9r\u00eats, comp\u00e9tences et objectifs. <\/b><\/p>\n<p><b>2- Renseignez-vous \u00e0 propos de votre mentor : ses fonctions, son entreprise et son secteur d&rsquo;activit\u00e9. <\/b><\/p>\n<p>Cela vous aidera \u00e0 d\u00e9terminer quels types de questions vous aimeriez lui demander lorsque vous le rencontrerez. Votre mentor appr\u00e9ciera votre initiative, une comp\u00e9tence importante pour le r\u00e9seautage et la recherche d&#8217;emploi. Dans certains cas, il est possible de consulter le C.V. ou la feuille de route de votre mentor; demandez \u00e0 un membre du comit\u00e9 de mentorat si cette information est disponible.<\/p>\n<p><b>3- Pr\u00e9parez une liste de questions \u00e0 poser \u00e0 votre mentor \u00e0 l&rsquo;aide des id\u00e9es contenues dans ce guide. <\/b><\/p>\n<p>Les questions sugg\u00e9r\u00e9es sont des outils pour vous aider \u00e0 communiquer avec votre mentor et elles sont organis\u00e9es sous diff\u00e9rents th\u00e8mes. Elles peuvent vous aider \u00e0 structurer vos courriels, conversations en personne et appels t\u00e9l\u00e9phoniques. Si vous \u00eates \u00e0 court de questions \u00e0 poser, vous pouvez envoyer un courriel \u00e0 un membre du comit\u00e9 de mentorat pour obtenir des id\u00e9es.<\/p>\n<p><b>4- \u00c9tablissez un premier contact. <\/b><\/p>\n<p>Une fois que vous avez \u00e9t\u00e9 jumel\u00e9, votre mentor sera avis\u00e9 que vous entrerez en contact avec lui au cours des deux prochaines semaines. Vous recevrez les coordonn\u00e9es de votre mentor de m\u00eame que le moyen privil\u00e9gi\u00e9 pour le contacter. S&rsquo;il vous pla\u00eet respectez les pr\u00e9f\u00e9rences du mentor et communiquez avec lui \u00e0 la maison ou au travail, soit par courriel ou par t\u00e9l\u00e9phone tel qu&rsquo;identifi\u00e9. Si vous communiquez avec votre mentor par courriel, veuillez mettre un membre du comit\u00e9 de mentorat en CC pour indiquer \u00e0 ce dernier que vous avez initi\u00e9 un contact. Vous devriez inclure une courte biographie ou une copie de votre C.V. dans le but de vous pr\u00e9senter et de fournir des informations suppl\u00e9mentaires \u00e0 propos de votre parcours. Vous pouvez \u00e9galement faire part \u00e0 votre mentor de vos objectifs de carri\u00e8re (si vous les connaissez d\u00e9j\u00e0).<\/p>\n<p><b>5- Planifiez la premi\u00e8re rencontre.<\/b><\/p>\n<p>Si votre mentor n&rsquo;est pas disponible pour vous rencontrer en personne, vous pouvez \u00e9galement organiser une rencontre par Skype ou par t\u00e9l\u00e9phone. Si vous rencontrez votre mentor en personne, choisissez un endroit public o\u00f9 vous serez \u00e0 l&rsquo;aise, par exemple un caf\u00e9 ou un endroit sur votre&nbsp;campus. Si vous ne vous sentez pas \u00e0 l&rsquo;aise, n&rsquo;h\u00e9sitez pas \u00e0 contacter un membre du comit\u00e9 d&rsquo;encadrement.<\/p>\n<p><b>6- D\u00e9terminez le nombre et la fr\u00e9quence des r\u00e9unions.<\/b><\/p>\n<p>Chaque relation aura son propre rythme. Les participants doivent discuter et \u00e9tablir leur propre fr\u00e9quence de rencontres ou de communications. Nous sugg\u00e9rons au moins trois rencontres \u00e0 des intervalles de moins de six semaines.<\/p>\n<p><b>7- Organisez&nbsp;les rencontres.<\/b><\/p>\n<p>Vous pouvez utiliser la liste de questions sugg\u00e9r\u00e9es afin de vous aider \u00e0 d\u00e9terminer quels seront les th\u00e8mes de vos r\u00e9unions. Vous pouvez utiliser les rencontres et les conversations t\u00e9l\u00e9phoniques avec votre mentor pour faire un suivi de votre d\u00e9marche et de l&rsquo;application des conseils qu&rsquo;il vous a donn\u00e9s. Ces moments peuvent aussi \u00eatre utilis\u00e9s pour \u00e9changer de l&rsquo;information concernant des nouveaut\u00e9s reli\u00e9es au secteur d&rsquo;activit\u00e9 de votre mentor et d&rsquo;\u00e9v\u00e8nements \u00e0 venir.<\/p>\n<p><b>8- Envoyez une note de remerciement.<\/b><\/p>\n<p>La relation entre vous et votre mentor d\u00e9pendra de votre situation. Vous \u00eates invit\u00e9s \u00e0 profiter pleinement de cette belle occasion. G\u00e9n\u00e9ralement, vous saurez tous les deux quand mettre fin au mentorat. \u00c0 ce moment, mentionnez-le \u00e0 un membre du comit\u00e9 de mentorat et remerciez votre mentor pour son temps et ses conseils. N&rsquo;oubliez pas de prendre en note les coordonn\u00e9es du mentor pour pouvoir lui envoyer une note de remerciement.<\/p>\n<p><b>9- Faites un&nbsp;suivi aupr\u00e8s du comit\u00e9 de mentorat.<\/b><\/p>\n<p>Le comit\u00e9 de mentorat sera en contact avec vous, mais s&rsquo;il vous pla\u00eet, n&rsquo;h\u00e9sitez pas \u00e0 contacter un membre du comit\u00e9 si vous avez des questions ou des inqui\u00e9tudes ou tout simplement pour mentionner que tout se passe bien. Nous sommes l\u00e0 pour vous soutenir \u00e0 travers toutes les&nbsp;\u00e9tapes de ce processus.<\/p>\n<h2><b>Questions fr\u00e9quemment pos\u00e9es<\/b><\/h2>\n<p><b><i>1. Que dois-je faire si je ne parviens pas \u00e0 joindre mon mentor dans les deux premi\u00e8res semaines?<\/i><\/b><\/p>\n<p>Le jour o\u00f9 nous vous transmettrons les coordonn\u00e9es de votre mentor, nous enverrons \u00e9galement un courriel \u00e0 votre mentor contenant votre nom et vos coordonn\u00e9es. Il s&rsquo;attendra donc \u00e0 \u00eatre contact\u00e9. Si vous \u00eates incapable de joindre le mentor dans les deux premi\u00e8res semaines, veuillez en informer un membre du comit\u00e9 de mentorat.<\/p>\n<p><b><i>2. Si les choses ne fonctionnent pas avec mon premier mentor, puis-je demander un autre mentor? <\/i><\/b><\/p>\n<p>Nous examinerons chaque cas individuellement et ferons de notre mieux pour vous trouver un autre mentor.<\/p>\n<p><b><i>3. Qui doit payer pour le caf\u00e9 et les repas&nbsp;lors des rencontres avec mon mentor? <\/i><\/b><\/p>\n<p>Cela d\u00e9pend de la&nbsp;relation que vous et votre mentor avez d\u00e9velopp\u00e9e. Nous vous encourageons \u00e0 payer moiti\u00e9-moiti\u00e9.<\/p>\n<p><b><i>4. Puis-je solliciter&nbsp;un emploi d&rsquo;\u00e9t\u00e9 ou un emploi \u00e0 temps plein \u00e0 mon mentor?<\/i><\/b><\/p>\n<p>Non, le but du programme de mentorat n&rsquo;est pas de vous fournir un emploi d&rsquo;\u00e9t\u00e9 ou un emploi \u00e0 temps plein. L&rsquo;objectif est de vous informer. Le mentor est l\u00e0 pour vous conseiller et vous aider dans vos choix de carri\u00e8re.<\/p>\n<p><b><i>5. Puis-je donner les coordonn\u00e9es du mentor \u00e0 un ami car je sais que cela&nbsp;pourrait \u00eatre utile pour lui aussi? <\/i><\/b><\/p>\n<p>Malheureusement, vous ne pouvez pas.<\/p>\n<p><b><i>6. Que se passe-t-il s&rsquo;il n&rsquo;y a pas de mentor dans le domaine que j&rsquo;ai demand\u00e9?<\/i><\/b><\/p>\n<p>Nous ferons tous les efforts possibles pour recruter un mentor adapt\u00e9 \u00e0 vos besoins. Si ce n&rsquo;est pas possible, nous vous jumelerons avec quelqu&rsquo;un qui pr\u00e9sente l&rsquo;exp\u00e9rience et les int\u00e9r\u00eats les plus proches de votre choix.<\/p>\n<p><b><i>7. Une fois mes \u00e9tudes termin\u00e9es, est-ce que je pourrai \u00eatre un mentor? <\/i><\/b><\/p>\n<p>Oui! Les b\u00e9n\u00e9voles sont les bienvenus.<\/p>\n<p><b><i>8. Puis-je \u00eatre jumel\u00e9 avec deux mentors en m\u00eame temps? <\/i><\/b><\/p>\n<p>Non. Chaque \u00e9tudiant est jumel\u00e9 avec un mentor seulement. Dans l&rsquo;\u00e9ventualit\u00e9 o\u00f9 vous souhaiteriez demander un changement, vous pourriez contacter un membre du comit\u00e9 de mentorat pour savoir si c&rsquo;est possible.<\/p>\n<p><b><i>9. J&rsquo;ai pris contact avec mon mentor une premi\u00e8re fois. Cependant, je n&rsquo;ai pas pu le rejoindre par la suite. Que dois-je faire? <\/i><\/b><\/p>\n<p>Dans le cas o\u00f9 vous avez des difficult\u00e9s \u00e0 communiquer avec votre mentor, avisez un membre du comit\u00e9 de mentorat et nous ferons tous les efforts possibles pour joindre le mentor en votre nom ou pour vous attribuer un autre mentor.<\/p>\n<p><b><i>10. Que dois-je faire si mon mentor agit d&rsquo;une mani\u00e8re que je consid\u00e8re non professionnelle?<\/i><\/b><\/p>\n<p>Communiquez imm\u00e9diatement avec un membre du comit\u00e9 de mentorat.<\/p>\n<h2><b>Suggestions de questions \u00e0 votre mentor :<\/b><\/h2>\n<p>Les cl\u00e9s d&rsquo;une relation de mentorat r\u00e9ussie sont votre enthousiasme, votre pr\u00e9paration et votre capacit\u00e9 \u00e0 communiquer clairement. Avant de rencontrer votre mentor, pensez au genre de renseignements qui seraient utiles pour vous. Les questions suivantes visent \u00e0 vous aider \u00e0 partir&nbsp;du bon pied.<\/p>\n<h3><b>Questions au sujet du cheminement professionnel et de la formation de votre mentor :<\/b><\/h3>\n<ul>\n<li>Quel genre d&rsquo;\u00e9ducation ou de formation avez-vous?<\/li>\n<li>Comment s&rsquo;est d\u00e9roul\u00e9e votre formation?<\/li>\n<li>De quelle fa\u00e7on&nbsp;votre \u00e9ducation vous a-t-elle pr\u00e9par\u00e9 pour votre carri\u00e8re? Est-ce que votre carri\u00e8re est directement reli\u00e9e \u00e0 vos \u00e9tudes?<\/li>\n<li>Comment avez-vous r\u00e9ussi la transition des \u00e9tudes au travail?<\/li>\n<li>Comment avez-vous obtenu votre premier emploi apr\u00e8s vos \u00e9tudes?<\/li>\n<li>Comment s&rsquo;est d\u00e9roul\u00e9 votre cheminement professionnel jusqu&rsquo;\u00e0 maintenant? Est-il repr\u00e9sentatif de celui de la plupart des gens dans votre domaine?<\/li>\n<li>Quelle est l&rsquo;importance d&rsquo;un dipl\u00f4me d&rsquo;\u00e9tudes sup\u00e9rieures ou d&rsquo;autres dipl\u00f4mes dans votre domaine?<\/li>\n<li>\u00cates-vous membre d&rsquo;une association ou d&rsquo;un ordre professionnel? Selon vous, quelle est l&rsquo;association dont il est le plus important de faire partie?<\/li>\n<li>Quelles sont les perspectives d&rsquo;avenir dans votre domaine? Quelles sont les tendances qui se dessinent pour les prochaines ann\u00e9es?<\/li>\n<li>Si vous pouviez modifier certains aspects de votre carri\u00e8re, que changeriez-vous?<\/li>\n<\/ul>\n<h3><b>Questions \u00e0 propos du poste et des responsabilit\u00e9s actuelles du mentor :<\/b><\/h3>\n<ul>\n<li>Comment avez-vous obtenu votre poste actuel?<\/li>\n<li>Quelles sont vos principales responsabilit\u00e9s?<\/li>\n<li>\u00c0 quoi ressemble une journ\u00e9e ou une semaine typique \u00e0 votre travail?<\/li>\n<li>Qu&rsquo;appr\u00e9ciez-vous le plus dans votre m\u00e9tier? Le moins?<\/li>\n<li>Quels sont les aspects les plus difficiles de votre travail?<\/li>\n<li>Quelles sont les opportunit\u00e9s de perfectionnement professionnel?<\/li>\n<li>Y a-t-il de nombreuses possibilit\u00e9s d&rsquo;avancement dans votre poste ou dans l&rsquo;entreprise?<\/li>\n<li>Qui sont les personnes qui se distinguent habituellement dans votre domaine ou votre poste? Quelles sont les qualit\u00e9s personnelles n\u00e9cessaires pour r\u00e9ussir dans ce secteur d&rsquo;activit\u00e9?<\/li>\n<\/ul>\n<h3><b>Questions au sujet des conditions de travail :<\/b><\/h3>\n<ul>\n<li>Combien d&rsquo;heures travaillez-vous, en moyenne, par semaine?<\/li>\n<li>De combien d&rsquo;autonomie disposez-vous en ce qui concerne l&rsquo;\u00e9tablissement des priorit\u00e9s \u00e0 votre travail?<\/li>\n<li>Quel genre de supervision receviez-vous lorsque vous avez commenc\u00e9 \u00e0 travailler? Et pr\u00e9sentement?<\/li>\n<li>Comment \u00e9value-t-on votre performance?<\/li>\n<li>Quel est le salaire initial moyen dans votre domaine?<\/li>\n<li>Disposez-vous de flexibilit\u00e9 en termes d&rsquo;habillement, d&rsquo;horaire et de vacances?<\/li>\n<\/ul>\n<h3><b>Questions reli\u00e9es \u00e0 votre situation actuelle et \u00e0 vos obectifs pour l&rsquo;avenir :<\/b><\/h3>\n<ul>\n<li>Quels sont les conseils que vous auriez aim\u00e9 recevoir&nbsp;\u00e0 vos d\u00e9buts?<\/li>\n<li>Me recommanderiez-vous de commencer \u00e0 travailler dans votre secteur d&rsquo;activit\u00e9 pendant que je suis encore \u00e9tudiant?<\/li>\n<li>Est-ce que votre entreprise offre des opportunit\u00e9s de b\u00e9n\u00e9volat ou des stages pour les \u00e9tudiants qui veulent acqu\u00e9rir de l&rsquo;exp\u00e9rience?<\/li>\n<li>Avez-vous des recommandations en ce qui concerne le choix des cours et les activit\u00e9s parascolaires?<\/li>\n<li>Y a-t-il d&rsquo;autres domaines ou emplois que vous me sugg\u00e9reriez d&rsquo;explorer?<\/li>\n<li>Quelle est la meilleure fa\u00e7on d&rsquo;\u00eatre au courant des offres d&#8217;emploi dans votre domaine? Est-ce qu&rsquo;elles sont annonc\u00e9es? Si oui, \u00e0 quel endroit?<\/li>\n<li>Quand dois-je commencer \u00e0 postuler pour des emplois et transmettre mon C.V.?<\/li>\n<li>Comment se d\u00e9roule une entrevue d&#8217;emploi typique dans votre secteur d&rsquo;activit\u00e9?<\/li>\n<li>Y a-t-il quelqu&rsquo;un d&rsquo;autre dans votre domaine \u00e0 qui vous recommanderiez que je parle?<\/li>\n<li>Quand je l&rsquo;appellerai, puis-je mentionner que vous m&rsquo;avez r\u00e9f\u00e9r\u00e9?<\/li>\n<\/ul>\n<p><b>Membres du comit\u00e9 de mentorat de la Fondation Lampe :<\/b><\/p>\n<p>Esther Barnett : <a href=\"mailto:emlbarnett@gmail.com\">emlbarnett@gmail.com<\/a><\/p>\n<p>Joanne Craig :<a href=\"mailto:jcraig@ubishops.ca\"> jcraig@ubishops.ca<\/a><\/p>\n<p>Wendy Durrant :<a href=\"mailto:wendy.durrant@videotron.ca\"> wendy.durrant@videotron.ca<\/a><\/p>\n<p>Carol Mooney : <a href=\"mailto:carol.mooney@bell.net\">carol.mooney@bell.net<\/a><\/p>\n<p>Le programme de mentorat de la Fondation Lampe est bas\u00e9 sur&nbsp;celui du Service de planification de carri\u00e8re de McGill, et ce document est inspir\u00e9 d&rsquo;un des leurs. Nos remerciements \u00e0 Heather McTavish, coordonnatrice du Programme de mentorat \u00e0 l&rsquo;Universit\u00e9 McGill.<\/p>\n<p>10.02.2013<\/p>\n","protected":false},"excerpt":{"rendered":"<p>Note : Dans ce document, le genre masculin est utilis\u00e9 comme g\u00e9n\u00e9rique, dans le seul but de ne pas alourdir le texte. Introduction F\u00e9licitation pour l&rsquo;obtention de votre bourse! La Fondation Lampe vous offre la possibilit\u00e9 d&rsquo;\u00eatre en contact avec un mentor, c&rsquo;est-\u00e0-dire une personne qui peut vous aider et vous guider dans la r\u00e9alisation&hellip;<\/p>\n","protected":false},"author":1,"featured_media":0,"parent":0,"menu_order":0,"comment_status":"closed","ping_status":"closed","template":"","meta":{"ngg_post_thumbnail":0,"footnotes":""},"class_list":["post-1654","page","type-page","status-publish","hentry","description-off"],"_links":{"self":[{"href":"https:\/\/lampefoundation.org\/fr\/wp-json\/wp\/v2\/pages\/1654","targetHints":{"allow":["GET"]}}],"collection":[{"href":"https:\/\/lampefoundation.org\/fr\/wp-json\/wp\/v2\/pages"}],"about":[{"href":"https:\/\/lampefoundation.org\/fr\/wp-json\/wp\/v2\/types\/page"}],"author":[{"embeddable":true,"href":"https:\/\/lampefoundation.org\/fr\/wp-json\/wp\/v2\/users\/1"}],"replies":[{"embeddable":true,"href":"https:\/\/lampefoundation.org\/fr\/wp-json\/wp\/v2\/comments?post=1654"}],"version-history":[{"count":12,"href":"https:\/\/lampefoundation.org\/fr\/wp-json\/wp\/v2\/pages\/1654\/revisions"}],"predecessor-version":[{"id":3402,"href":"https:\/\/lampefoundation.org\/fr\/wp-json\/wp\/v2\/pages\/1654\/revisions\/3402"}],"wp:attachment":[{"href":"https:\/\/lampefoundation.org\/fr\/wp-json\/wp\/v2\/media?parent=1654"}],"curies":[{"name":"wp","href":"https:\/\/api.w.org\/{rel}","templated":true}]}}