{"id":1661,"date":"2011-03-11T04:09:54","date_gmt":"2011-03-11T09:09:54","guid":{"rendered":"http:\/\/lampefoundation.org\/fr\/?page_id=1661"},"modified":"2023-01-25T19:01:41","modified_gmt":"2023-01-26T00:01:41","slug":"faire-un-don","status":"publish","type":"page","link":"https:\/\/lampefoundation.org\/fr\/faire-un-don\/","title":{"rendered":"Faire un don"},"content":{"rendered":"<div class=\"wpb-content-wrapper\"><p>[vc_row][vc_column width=\u00a0\u00bb2\/3&Prime;][vc_column_text]<\/p>\n<h4>Notre succ\u00e8s continu d\u00e9pend de vous. Aidez-nous \u00e0 \u00e9clairer le chemin vers un futur plus brillant!<\/h4>\n<p>&nbsp;[\/vc_column_text]<blockquote class=\"text-big shortcode-blockquote\"><p>\u00abTous les \u00e9l\u00e9ments \u00e9taient r\u00e9unis. Je suis heureuse d\u2019avoir d\u00e9cid\u00e9 de le faire. Dor\u00e9navant, je peux r\u00e9compenser des \u00e9tudiants s\u00e9rieux qui partagent mes plaisirs et passions. Je peux t\u00e9moigner de la croissance et de l\u2019expansion de mon prix, qui je l\u2019esp\u00e8re se multipliera en encore plus de bourses d\u2019\u00e9tude.<\/p>\n<p>&nbsp;Les passions et les plaisirs sont renforc\u00e9s par le partage; j\u2019encourage tous \u00e0 partager leurs passions et \u00e0 en observer l\u2019\u00e9volution.\u00bb<\/p>\n<p>&#8211; Helene<\/p>\n<\/blockquote>[\/vc_column][vc_column width=\u00a0\u00bb1\/3&Prime;][vc_single_image image=\u00a0\u00bb3715&Prime; img_size=\u00a0\u00bbfull\u00a0\u00bb][vc_column_text css=\u00a0\u00bb.vc_custom_1674690636683{padding-top: 30px !important;}\u00a0\u00bb]<\/p>\n<p style=\"text-align: center;\"><strong><em>Enregistrement charitable No. 89291 2965RR 0001<\/em><\/strong><\/p>\n<p style=\"text-align: center;\"><strong><em>&nbsp;<\/em><\/strong><\/p>\n<p>[\/vc_column_text][\/vc_column][\/vc_row][vc_row][vc_column][vc_column_text css=\u00a0\u00bb.vc_custom_1674690787689{padding-bottom: 20px !important;}\u00a0\u00bb]<\/p>\n<h4>Je souhaite faire un don en ligne via Canadon.Org.<\/h4>\n<p><a href=\"http:\/\/www.canadahelps.org\/CharityProfilePage.aspx?CharityID=d73301\" target=\"_blank\" rel=\"noopener\"><img decoding=\"async\" title=\"Donate Now Through CanadaHelps.org!\" src=\"http:\/\/www.canadahelps.org\/image\/donateNow2b1.gif\" alt=\"Donate Now Through CanadaHelps.org!\"><\/a>[\/vc_column_text][vc_column_text css=\u00a0\u00bb.vc_custom_1674690904489{padding-bottom: 20px !important;}\u00a0\u00bb]<\/p>\n<h4>Argent comptant ou ch\u00e8que<\/h4>\n<p>Cliquez ici pour le formulaire de don \u00e0 envoyer en argent ou par ch\u00e8que.[\/vc_column_text]<style type=\"text\/css\" data-type=\"the7_shortcodes-inline-css\">#default-btn-e2d5b7d2d69acd67dc235238d27e8799.ico-right-side > i {\n  margin-right: 0px;\n  margin-left: 8px;\n}\n#default-btn-e2d5b7d2d69acd67dc235238d27e8799 > i {\n  margin-right: 8px;\n}\n<\/style><a href=\"http:\/\/lampefoundation.org\/wp-content\/uploads\/2015\/12\/donation-card-francais.pdf\" class=\"default-btn-shortcode dt-btn dt-btn-l link-hover-off btn-inline-left \" id=\"default-btn-e2d5b7d2d69acd67dc235238d27e8799\"><i class=\"fas fa-file-pdf\"><\/i><span>T\u00e9l\u00e9charger le formulaire de don<\/span><\/a>[vc_column_text css=\u00a0\u00bb.vc_custom_1674690997820{padding-top: 20px !important;padding-bottom: 20px !important;}\u00a0\u00bb]<\/p>\n<h4>Don in memoriam<\/h4>\n<p>Les dons in memoriam sont des dons en m\u00e9moire d\u2019un \u00eatre cher (parent, ami, coll\u00e8gue de travail, etc.). Votre donation servira \u00e0 appuyer la mission de la Fondation Lampe et la famille concern\u00e9e en sera avis\u00e9e. Un re\u00e7u d\u2019imp\u00f4t sera envoy\u00e9 au donateur.<\/p>\n<p>Cliquez ici pour le formulaire de donation.[\/vc_column_text]<style type=\"text\/css\" data-type=\"the7_shortcodes-inline-css\">#default-btn-4b6b1bc285166f33039199f26f20549d.ico-right-side > i {\n  margin-right: 0px;\n  margin-left: 8px;\n}\n#default-btn-4b6b1bc285166f33039199f26f20549d > i {\n  margin-right: 8px;\n}\n<\/style><a href=\"http:\/\/lampefoundation.org\/wp-content\/uploads\/2015\/12\/in-memoriam-francais.pdf\" class=\"default-btn-shortcode dt-btn dt-btn-l link-hover-off btn-inline-left \" id=\"default-btn-4b6b1bc285166f33039199f26f20549d\"><i class=\"fas fa-file-pdf\"><\/i><span>T\u00e9l\u00e9charger le formulaire de don<\/span><\/a>[vc_column_text css=\u00a0\u00bb.vc_custom_1674691100443{padding-top: 20px !important;padding-bottom: 20px !important;}\u00a0\u00bb]<\/p>\n<h4>Don en l\u2019honneur d\u2019un \u00e9v\u00e8nement<\/h4>\n<p>Ces donations soulignent un moment sp\u00e9cial ou un \u00e9v\u00e9nement important dans la vie d\u2019un individu tel qu\u2019une naissance, une promotion, un mariage ou encore un anniversaire. Ce ne sont que quelques exemples d\u2019\u00e9v\u00e9nements qui peuvent \u00eatre soulign\u00e9s en l\u2019honneur de quelqu\u2019un. C\u2019est une excellente fa\u00e7on de montrer votre appr\u00e9ciation pour cette personne tout en supportant une cause importante. La Fondation Lampe enverra une carte \u00e0 la personne honor\u00e9e avec une mention de la donation faite en son honneur. Un re\u00e7u officiel pour les imp\u00f4ts sera \u00e9mis pour le donateur.[\/vc_column_text][vc_column_text css=\u00a0\u00bb.vc_custom_1674691137009{padding-bottom: 10px !important;}\u00a0\u00bb]<!--:en--><\/p>\n<h3>Le don planifi\u00e9, un don qui vient du coeur<\/h3>\n<p>Le legs repr\u00e9sente la fa\u00e7on la mieux connue de faire un don planifi\u00e9 \u00e0 la Fondation. Votre cadeau fournit un soutien durable \u00e0 la Fondation Lampe tout en vous procurant des avantages fiscaux.<\/p>\n<p>Il existe \u00e9videmment d\u2019autres fa\u00e7ons de faire un don planifi\u00e9 et de b\u00e9n\u00e9ficier des avantages fiscaux associ\u00e9s \u00e0 ce type de donation. Nous sugg\u00e9rons que le donateur potentiel consulte son conseiller financier pour plus de d\u00e9tails.[\/vc_column_text][vc_column_text css=\u00a0\u00bb.vc_custom_1674691175869{padding-bottom: 20px !important;}\u00a0\u00bb]<!--:en--><\/p>\n<h4>Un don planifi\u00e9 peut \u00eatre r\u00e9alis\u00e9 de diff\u00e9rentes fa\u00e7ons :<\/h4>\n<h4>Assurance vie <strong><br \/>\n<\/strong><\/h4>\n<p>Les donations d\u2019assurance vie vous permettent de faire une donation significative \u00e0 long terme en faisant des contributions modestes dans l\u2019imm\u00e9diat. En faisant l\u2019achat d\u2019une nouvelle police d\u2019assurance vie et en nommant la Fondation Lampe en tant que b\u00e9n\u00e9ficiaire, les primes pay\u00e9es seront reconnues comme \u00e9tant des dons charitables, ce qui vous rendra \u00e9ligible \u00e0 recevoir des avantages fiscaux. Si vous d\u00e9cidez plut\u00f4t de faire le don d\u2019une police existante, vous recevrez des avantages fiscaux en fonction de la valeur de rachat et des dividendes accumul\u00e9es. Nous sugg\u00e9rons que le donateur potentiel consulte son conseiller financier pour plus de d\u00e9tails.[\/vc_column_text][vc_column_text css=\u00a0\u00bb.vc_custom_1674691200435{padding-bottom: 20px !important;}\u00a0\u00bb]<!--:en--><\/p>\n<h4>Valeurs mobili\u00e8res<\/h4>\n<p>Les donations de valeurs mobili\u00e8res n\u00e9gociables sont \u00e9galement une option int\u00e9ressante. Les gains de capital sur les valeurs mobili\u00e8res cot\u00e9es en bourse peuvent \u00eatre significativement r\u00e9duits lorsque vous en faites donation \u00e0 la Fondation Lampe. Les valeurs mobili\u00e8res \u00e9ligibles incluent les actions, les factures, les contrats \u00e0 terme et les parts dans des fonds communs de placement \u00e9chang\u00e9s \u00e0 la bourse de Toronto. Une fois transf\u00e9r\u00e9s, ils sont vendus et le donateur re\u00e7oit des avantages fiscaux en fonction de la valeur du capital au moment de la transaction. Nous sugg\u00e9rons que le donateur potentiel consulte son conseiller financier pour plus de d\u00e9tails sur ce type de donation.[\/vc_column_text][vc_column_text css=\u00a0\u00bb.vc_custom_1674691220054{padding-bottom: 20px !important;}\u00a0\u00bb]<!--:en--><\/p>\n<h4>Dons en nature<\/h4>\n<p>Les dons en nature peuvent \u00eatre effectu\u00e9s de multiples fa\u00e7ons : en argent, sous forme de dons de mobilier ou d\u2019objets d\u2019art pour n\u2019en nommer que quelques-unes. Votre donation sera \u00e9valu\u00e9e par un professionnel ind\u00e9pendant et vous serez \u00e9ligible \u00e0 des avantages fiscaux en fonction de sa juste valeur marchande.[\/vc_column_text][vc_column_text]<!--:en--><\/p>\n<h4>Doter une bourse d\u2019\u00e9tudes<\/h4>\n<p>Il est possible de doter une bourse d\u2019\u00e9tudes en votre nom. Pour plus d\u2019information, <a href=\"https:\/\/lampefoundation.org\/fr\/contactez-nous\/\">contactez la Fondation Lampe<\/a>.[\/vc_column_text][\/vc_column][\/vc_row]<\/p>\n<\/div>","protected":false},"excerpt":{"rendered":"<p>[vc_row][vc_column width=\u00a0\u00bb2\/3&Prime;][vc_column_text] Notre succ\u00e8s continu d\u00e9pend de vous. Aidez-nous \u00e0 \u00e9clairer le chemin vers un futur plus brillant! &nbsp;[\/vc_column_text][\/vc_column][vc_column width=\u00a0\u00bb1\/3&Prime;][vc_single_image image=\u00a0\u00bb3715&Prime; img_size=\u00a0\u00bbfull\u00a0\u00bb][vc_column_text css=\u00a0\u00bb.vc_custom_1674690636683{padding-top: 30px !important;}\u00a0\u00bb] Enregistrement charitable No. 89291 2965RR 0001 &nbsp; [\/vc_column_text][\/vc_column][\/vc_row][vc_row][vc_column][vc_column_text css=\u00a0\u00bb.vc_custom_1674690787689{padding-bottom: 20px !important;}\u00a0\u00bb] Je souhaite faire un don en ligne via Canadon.Org. [\/vc_column_text][vc_column_text css=\u00a0\u00bb.vc_custom_1674690904489{padding-bottom: 20px !important;}\u00a0\u00bb] Argent comptant ou ch\u00e8que Cliquez ici&hellip;<\/p>\n","protected":false},"author":1,"featured_media":0,"parent":0,"menu_order":0,"comment_status":"closed","ping_status":"closed","template":"","meta":{"ngg_post_thumbnail":0,"footnotes":""},"class_list":["post-1661","page","type-page","status-publish","hentry","description-off"],"_links":{"self":[{"href":"https:\/\/lampefoundation.org\/fr\/wp-json\/wp\/v2\/pages\/1661","targetHints":{"allow":["GET"]}}],"collection":[{"href":"https:\/\/lampefoundation.org\/fr\/wp-json\/wp\/v2\/pages"}],"about":[{"href":"https:\/\/lampefoundation.org\/fr\/wp-json\/wp\/v2\/types\/page"}],"author":[{"embeddable":true,"href":"https:\/\/lampefoundation.org\/fr\/wp-json\/wp\/v2\/users\/1"}],"replies":[{"embeddable":true,"href":"https:\/\/lampefoundation.org\/fr\/wp-json\/wp\/v2\/comments?post=1661"}],"version-history":[{"count":10,"href":"https:\/\/lampefoundation.org\/fr\/wp-json\/wp\/v2\/pages\/1661\/revisions"}],"predecessor-version":[{"id":3739,"href":"https:\/\/lampefoundation.org\/fr\/wp-json\/wp\/v2\/pages\/1661\/revisions\/3739"}],"wp:attachment":[{"href":"https:\/\/lampefoundation.org\/fr\/wp-json\/wp\/v2\/media?parent=1661"}],"curies":[{"name":"wp","href":"https:\/\/api.w.org\/{rel}","templated":true}]}}