{"id":1686,"date":"2015-12-22T07:20:22","date_gmt":"2015-12-22T07:20:22","guid":{"rendered":"http:\/\/lampefoundation.org\/fr\/?page_id=1686"},"modified":"2022-09-15T20:41:39","modified_gmt":"2022-09-16T01:41:39","slug":"liste-des-bourses","status":"publish","type":"page","link":"https:\/\/lampefoundation.org\/fr\/liste-des-bourses\/","title":{"rendered":"Bourses d\u2019\u00e9tudes"},"content":{"rendered":"<p>Tous les r\u00e9cipiendaires doivent \u00eatre citoyens canadiens ou r\u00e9sidents permanents.<\/p>\n<p><i>Note : Dans ce texte, le genre masculin est utilis\u00e9 comme g\u00e9n\u00e9rique, dans le seul but de ne pas alourdir le texte.<\/i><\/p>\n<div>\n<hr>\n<h4><span style=\"font-size: large;\"><b>Centre de formation professionnelle Lennoxville<\/b><\/span><\/h4>\n<hr>\n<h3><a href=\"\/?p=1615\">Bourses de la Fondation Tillotson, domaine de la sant\u00e9<\/a><\/h3>\n<p>La Fondation Lampe et la FCFDU de la r\u00e9gion de Sherbrooke offrent des bourses pour les \u00e9tudiants (hommes et femmes) des centres de formation professionnelle de la r\u00e9gion qui ont l&rsquo;intention de pratiquer leur profession dans les Cantons de l&rsquo;Est.<\/p>\n<ul>\n<li>1000 $ pour un \u00e9tudiant du programme Sant\u00e9, assistance et soins infirmiers;<\/li>\n<li>500 $ pour un \u00e9tudiant en <span class=\"tlid-translation translation\" lang=\"fr\"><span class=\"\" title=\"\"> institutionnelle et \u00e0 domicile<\/span><\/span>;<\/li>\n<\/ul>\n<p>La priorit\u00e9 sera accord\u00e9e aux \u00e9tudiants de la MRC de Coaticook et des r\u00e9gions avoisinantes.<\/p>\n<p>Date limite pour l&rsquo;inscription: 15 novembre.<\/p>\n<hr>\n<h3><a href=\"\/?p=1631\">Bourses du Centre de formation professionnelle Lennoxville<\/a><\/h3>\n<p>Ces bourses sont octroy\u00e9es pour l&rsquo;effort des dipl\u00f4m\u00e9es dans les secteurs des soudage et usinage. Les bourses seront, de pr\u00e9f\u00e9rence, d\u00e9cern\u00e9es \u00e0 des femmes ayant des enfants \u00e0 la maison (150 $ chacune). Bourses offertes aux femmes seulement.<\/p>\n<hr>\n<\/div>\n<h3><a href=\"\/?p=1798\">Bourses de la Fondation du Sherbrooke Hospital<\/a><\/h3>\n<p>Remises par la Fondation du Sherbrooke Hospital aux \u00e9tudiants dans des programmes du domaine de la sant\u00e9 au Centre de formation professionnelle Lennoxville.<\/p>\n<ul>\n<li>1000 $ pour un \u00e9tudiant du programme Sant\u00e9, assistance et soins infirmiers;<\/li>\n<li>500 $ pour un \u00e9tudiant en <span class=\"tlid-translation translation\" lang=\"fr\"><span class=\"\" title=\"\"> institutionnelle et \u00e0 domicile<\/span><\/span>;<\/li>\n<\/ul>\n<p>Crit\u00e8res d&rsquo;admissibilit\u00e9 : \u00eatre \u00e9tudiant \u00e0 temps plein, avoir termin\u00e9 2 \u00e0 4 mois d&rsquo;\u00e9tude dans l&rsquo;un des programmes mentionn\u00e9s ci-dessus, \u00eatre dipl\u00f4m\u00e9 d&rsquo;une \u00e9cole secondaire de la r\u00e9gion de l&rsquo;Estrie ou avoir effectu\u00e9 1 an d&rsquo;\u00e9tude au Coll\u00e8ge Champlain (Champlain Regional College) ou \u00e9quivalent, d\u00e9montrer un besoin financier et \u00eatre capable de travailler en fran\u00e7ais et en anglais.<\/p>\n<p>Date limite pour l&rsquo;inscription: 15 novembre.<\/p>\n<hr>\n<h4><strong><span style=\"font-size: large;\">Coll\u00e8ge Champlain (Champlain Regional College)<\/span><\/strong><\/h4>\n<hr>\n<h3><a href=\"\/?p=1617\">Bourse de la Fondation Tillotson, domaine de la sant\u00e9 (Champlain)<\/a><\/h3>\n<p>La Fondation Lampe et la FCFDU de la r\u00e9gion de Sherbrooke offrent une bourse (1000 $) pour les \u00e9tudiants de l&rsquo;Estrie qui sont inscrits au programme de soins infirmiers du Coll\u00e8ge Champlain, campus de Lennoxville, et qui ont l&rsquo;intention de pratiquer dans les Cantons de l&rsquo;Est.<\/p>\n<p>La priorit\u00e9 sera accord\u00e9e aux \u00e9tudiants de la MRC de Coaticook et des r\u00e9gions avoisinantes.<\/p>\n<p>Date limite pour l&rsquo;inscription: 30 octobre.<\/p>\n<hr>\n<h3><a href=\"\/?p=1629\">Bourse du Ouida Romon-Moliner en sciences<\/a><\/h3>\n<p>D\u00e9cern\u00e9 \u00e0 un dipl\u00f4m\u00e9 d&rsquo;un programme scientifique du campus Champlain College Lennoxville, des Cantons-de-l&rsquo;Est, qui a l&rsquo;intention de poursuivre des \u00e9tudes scientifiques ($1200).<\/p>\n<p>Crit\u00e8res d&rsquo;admissibilit\u00e9 : \u00c9tudiant \u00e0 temps plein, homme ou femme, citoyen canadien ou r\u00e9sident permanent, r\u00e9sident des Cantons-de-l&rsquo;Est depuis au moins 3 ans, besoin financier, implication de la communaut\u00e9.<\/p>\n<p>Date limite pour l&rsquo;inscription: 15 avril.<\/p>\n<hr>\n<h3><a href=\"\/?p=2968\">Bourse Autochtone Dr. Roberta Cameron \u2013 Coll\u00e8ge Champlain \u2013 Campus Lennoxville<\/a><\/h3>\n<p>La Fondation Lampe offre 3 bourses de $400 \u00e0 une \u00e9tudiante, ou un \u00e9tudiant, autochtone \u00e0 temps plein, qui fr\u00e9quente le Coll\u00e8ge Champlain, Campus Lennoxville, ayant d\u00e9j\u00e0 compl\u00e9t\u00e9 au moins une ann\u00e9e \u00e0 temps plein \u00e0 cette institution scolaire.<\/p>\n<p>Crit\u00e8res d\u2019admissibilit\u00e9 : <span class=\"tlid-translation translation\" lang=\"fr\"><span class=\"\" title=\"\">\u00c9tudiant \u00e0 temps plein d\u2019au moins sa 2e ann\u00e9e \u00e0 Champlain-Lennoxville, m<\/span><\/span><span class=\"tlid-translation translation\" lang=\"fr\"><span class=\"alt-edited\" title=\"\">\u00e2le ou femelle, d<\/span><\/span>\u00e9montrer un besoin financier, d\u00e9montre du leadership et de la&nbsp; pers\u00e9v\u00e9rance, pr\u00e9f\u00e9rence aux \u00e9tudiant(e)s qui comptent retourner \u00e0 leur communaut\u00e9 une fois leurs \u00e9tudes termin\u00e9es.<\/p>\n<p>Date limite pour l\u2019inscription : 1 decembre.<\/p>\n<hr>\n<h4><strong>Universit\u00e9 Bishop&rsquo;s<\/strong><\/h4>\n<hr>\n<h3><a href=\"\/?p=1625\">Bourse Eileen Healy pour le leadership<\/a><\/h3>\n<p>D\u00e9cern\u00e9e \u00e0 une \u00e9tudiante qui poursuit ses \u00e9tudes \u00e0 l&rsquo;Universit\u00e9 Bishop&rsquo;s (1200 $). La r\u00e9cipiendaire doit avoir un haut rendement scolaire et apporter une contribution \u00e0 la vie universitaire et \u00e0 sa communaut\u00e9. Bourse offerte aux femmes seulement.<\/p>\n<p>Crit\u00e8res d&rsquo;admissibilit\u00e9 : \u00eatre \u00e9tudiante \u00e0 temps plein, \u00eatre impliqu\u00e9e dans sa communaut\u00e9 (universitaire ou hors campus).<\/p>\n<p>Date limite pour l&rsquo;inscription: 31 mars.<\/p>\n<hr>\n<h3><a href=\"\/?p=1627\">Bourse Helen F.M. Armstrong<\/a><\/h3>\n<p>D\u00e9cern\u00e9e \u00e0 une \u00e9tudiante qui poursuit ses \u00e9tudes en arts\/musique\/th\u00e9\u00e2tre \u00e0 l&rsquo;Universit\u00e9 Bishop&rsquo;s (500 $). Bourse offerte aux femmes seulement.<\/p>\n<p>Crit\u00e8res d&rsquo;admissibilit\u00e9 : \u00eatre \u00e9tudiante \u00e0 temps plein et \u00eatre en mesure d&rsquo;exprimer sa passion pour les arts.<\/p>\n<p>Date limite pour l&rsquo;inscription: 31 janvier.<\/p>\n<hr>\n<h3><a href=\"\/?p=1641\">Bourse \u00ab\u00a0\u00c9cole de rang\u00a0\u00bb (One-room Schoolhouse) en enseignement au primaire<\/a><\/h3>\n<p>D\u00e9cern\u00e9e \u00e0 un \u00e9tudiant de l&rsquo;Universit\u00e9 Bishop&rsquo;s ou de l&rsquo;Universit\u00e9 de Sherbrooke, qui a l&rsquo;intention de devenir enseignant au primaire (1200 $). Bourse offerte aux femmes et aux hommes.<\/p>\n<p>Crit\u00e8res d&rsquo;admissibilit\u00e9 : \u00eatre \u00e9tudiant \u00e0 temps plein dans un programme de B. Ed. (minimum 90 cr\u00e9dits) ou l&rsquo;\u00e9quivalent et \u00eatre impliqu\u00e9 dans sa communaut\u00e9.<\/p>\n<p>Date limite pour l&rsquo;inscription: 30 octobre.<\/p>\n<hr>\n<h3><a href=\"\/?p=2915\">Bourse d\u2019\u00e9tudes autochtone du 100e anniversaire de la FCFDU<\/a><\/h3>\n<p><span class=\"tlid-translation translation\" lang=\"fr\"><span class=\"\" title=\"\">Remis \u00e0 un \u00e9tudiant autochtone accept\u00e9 dans le programme d\u2019\u00e9ducation de l\u2019Universit\u00e9 Bishop\u2019s (1 000 $).<\/span><\/span><\/p>\n<p><span class=\"\" title=\"\">Crit\u00e8res d&rsquo;admissibilit\u00e9 : d\u00e9montre le besoin financier avec pr\u00e9f\u00e9rence accord\u00e9e au demandeur qui n\u2019a pas re\u00e7u de financement de son conseil de bande ou de son centre d\u2019\u00e9ducation.<\/span> <span class=\"\" title=\"\">Le candidat retenu doit \u00eatre autochtone (inscrit, non inscrit, m\u00e9tis ou inuit), avoir d\u00e9montr\u00e9 son engagement en faveur de l\u2019\u00e9ducation et le d\u00e9sir de retourner dans sa communaut\u00e9 ainsi qu\u2019un historique de sa participation \u00e0 l\u2019universit\u00e9 ou \u00e0 la communaut\u00e9 locale.<\/span> <span class=\"\" title=\"\">Cette bourse est renouvelable (maximum 3 ans).<\/span>&nbsp;<\/p>\n<p>Date limite pour l&rsquo;inscription: 1 novembre.<\/p>\n<hr>\n<h4><strong>Postsecondaire g\u00e9n\u00e9ral (tous les domaines)<\/strong><\/h4>\n<hr>\n<h3><a href=\"\/?p=1621\">Bourse Marlis et Sigrid Wehr pour \u00e9tudiante adulte<\/a><\/h3>\n<div>\n<p>D\u00e9cern\u00e9e \u00e0 une \u00e9tudiante adulte de la r\u00e9gion de l&rsquo;Estrie qui a des besoins financiers (1000 $). Bourse offerte aux femmes seulement.<\/p>\n<p>Crit\u00e8res d&rsquo;admissibilit\u00e9 : \u00eatre \u00e9tudiante \u00e0 temps plein, \u00eatre r\u00e9sidente de l&rsquo;Estrie depuis au moins 3 ans ou dipl\u00f4m\u00e9e d&rsquo;une \u00e9cole secondaire de la r\u00e9gion, d\u00e9montrer un besoin financier, \u00eatre \u00e2g\u00e9e d&rsquo;au moins vingt et un ans et retourner aux \u00e9tudes apr\u00e8s un arr\u00eat d&rsquo;au moins 24 mois.<\/p>\n<p>Date limite pour l&rsquo;inscription: 15 avril.<\/p>\n<hr>\n<h3><a href=\"https:\/\/lampefoundation.org\/fr\/bourse-du-barbara-sample-allatt\/\">Bourse du Barbara Sample Allatt<\/a><\/h3>\n<div>\n<p><span class=\"VIiyi\" lang=\"fr\"><span class=\"JLqJ4b ChMk0b\" data-language-for-alternatives=\"fr\" data-language-to-translate-into=\"en\" data-phrase-index=\"0\">D\u00e9cern\u00e9 \u00e0 une \u00e9tudiante inscrite \u00e0 un programme menant \u00e0 un dipl\u00f4me ou \u00e0 un grade professionnel, technique ou ax\u00e9 sur la carri\u00e8re (1 800 $).<\/span><\/span> Bourse offerte aux femmes seulement.<\/p>\n<p>Crit\u00e8res d&rsquo;admissibilit\u00e9 : <span class=\"VIiyi\" lang=\"fr\"><span class=\"JLqJ4b ChMk0b\" data-language-for-alternatives=\"fr\" data-language-to-translate-into=\"en\" data-phrase-index=\"0\">\u00c9tudiante, pr\u00e9f\u00e9rence aux \u00e9tudiantes qui vivent dans les Cantons-de-l&rsquo;Est depuis au moins 3 ans, est d\u00e9scolaris\u00e9e depuis au moins 1 an, d\u00e9montre un besoin financier ainsi qu&rsquo;un dossier d&rsquo;engagement communautaire<\/span><\/span><\/p>\n<p>Date limite pour l&rsquo;inscription: 15 avril.<\/p>\n<\/div>\n<hr>\n<h4><strong>Postsecondaire g\u00e9n\u00e9ral (secteur de la sant\u00e9)<\/strong><\/h4>\n<\/div>\n<div>\n<hr>\n<h3><a href=\"\/?p=1643\">Bourse de la Fondation du Sherbrooke Hospital, domaine de la sant\u00e9<\/a><\/h3>\n<p>Remise par la Fondation du Sherbrooke Hospital aux \u00e9tudiants dans des programmes du domaine de la sant\u00e9 (1200 $). Renouvelable.<\/p>\n<p>Conditions d&rsquo;admissibilit\u00e9 : \u00eatre \u00e9tudiant \u00e0 temps plein, d\u00e9montrer un besoin financier, \u00eatre dipl\u00f4m\u00e9 d&rsquo;une \u00e9cole secondaire de la r\u00e9gion de l&rsquo;Estrie (Alexander Galt, Massey-Vanier, Bishop College School, Richmond r\u00e9gional, Thetford Mines, Coll\u00e8ge de Stanstead), \u00eatre \u00e9tudiant dans le domaine des soins de la sant\u00e9, y compris les programmes de remise \u00e0 niveau, et \u00eatre capable de travailler en fran\u00e7ais et en anglais.<\/p>\n<p>Date limite pour l&rsquo;inscription: 30 mars et 30 octobre.<\/p>\n<\/div>\n<div>\n<hr>\n<h3><a href=\"\/?p=1619\">Bourse Donna Draper de la Fondation du Sherbrooke Hospital<\/a><\/h3>\n<p>D\u00e9cern\u00e9e \u00e0 un \u00e9tudiant en soins infirmiers par la Fondation du Sherbrooke Hospital (1200 $). Renouvelable.<\/p>\n<p>Crit\u00e8res d&rsquo;admissibilit\u00e9 : \u00eatre dipl\u00f4m\u00e9 d&rsquo;une \u00e9cole secondaire de l&rsquo;Estrie ou effectuer un programme d&rsquo;un an au Coll\u00e8ge Champlain (ou \u00e9quivalent), \u00e9tudier en soins infirmiers \u00e0 temps plein, d\u00e9montrer un besoin financier et \u00eatre capable de travailler en fran\u00e7ais et en anglais.<\/p>\n<p>Date limite pour l&rsquo;inscription: 30 mars et 30 octobre.<\/p>\n<\/div>\n<hr>\n<h3><a href=\"\/?p=1855\">Bourse Lampe-Tillotson en m\u00e9decine<\/a><\/h3>\n<p>La fondation Lampe et la FCFDU de la r\u00e9gion de Sherbrooke, en partenariat avec le Fonds Tillotson de la r\u00e9gion de Coaticook, offrent une bourse d&rsquo;\u00e9tude (5 000 $) \u00e0 un \u00e9tudiant estrien en m\u00e9decine qui a l&rsquo;intention de r\u00e9sider dans les Cantons de l&rsquo;Est apr\u00e8s l&rsquo;obtention de son dipl\u00f4me. Cette bourse est renouvelable (maximum de 4 ans).<\/p>\n<p>Date limite pour l&rsquo;inscription: 30 mars.<\/p>\n<hr>\n<h3><a href=\"\/?p=2859\">Bourse Lampe-Tillotson en m\u00e9decine II<\/a><\/h3>\n<p>La fondation Lampe et la FCFDU de la r\u00e9gion de Sherbrooke, en partenariat avec le Fonds Tillotson de la r\u00e9gion de Coaticook, offrent une bourse d&rsquo;\u00e9tude (3 500 $) \u00e0 un \u00e9tudiant estrien en m\u00e9decine qui a l&rsquo;intention de r\u00e9sider dans les Cantons de l&rsquo;Est apr\u00e8s l&rsquo;obtention de son dipl\u00f4me. Cette bourse est renouvelable (maximum de 4 ans).<\/p>\n<p>Date limite pour l&rsquo;inscription: 30 mars.<\/p>\n<hr>\n<h3><a href=\"\/?p=1834\">Bourse comm\u00e9morative Jan et Diana Kuilman<\/a><\/h3>\n<p>D\u00e9cern\u00e9e \u00e0 une \u00e9tudiante du domaine de la sant\u00e9 ayant un besoin financier (1400 $). Bourse offerte aux femmes seulement.<\/p>\n<p>Crit\u00e8res d&rsquo;admissibilit\u00e9 : \u00eatre \u00e9tudiante \u00e0 temps plein, \u00eatre r\u00e9sidente de l&rsquo;Estrie depuis au moins 3 ans ou dipl\u00f4m\u00e9e d&rsquo;une \u00e9cole secondaire de la r\u00e9gion, d\u00e9montrer un besoin financier et une implication dans la vie communautaire, \u00eatre \u00e9tudiante dans le domaine des soins de la sant\u00e9 ou en ergoth\u00e9rapie.<\/p>\n<p>Date limite pour l&rsquo;inscription: 15 avril.<\/p>\n<hr>\n<h3><a title=\"Bourse du domaine de la sant\u00e9 \u00ab&nbsp;Sherbrooke Hospital Ladies Auxiliary&nbsp;\u00bb\" href=\"\/?p=2540\">Bourse du domaine de la sant\u00e9 \u00ab&nbsp;Sherbrooke Hospital Ladies Auxiliary&nbsp;\u00bb<\/a><\/h3>\n<p>La Fondation Lampe et la FCFDU de la r\u00e9gion de Sherbrooke offrent une bourse d\u2019\u00e9tude (1 000 $) \u00e0 un \u00e9tudiante \u00e0 temps plein en m\u00e9decine, hommes ou femme, qui a l\u2019intention de r\u00e9sider dans les Cantons de l\u2019Est apr\u00e8s l\u2019obtention de son dipl\u00f4me.<\/p>\n<p>Crit\u00e8res d&rsquo;admissibilit\u00e9 : \u00eatre \u00e9tudiante \u00e0 temps plein,&nbsp; d\u00e9montrer un besoin financier et une implication dans la vie communautaire, \u00eatre \u00e9tudiante dans le domaine des soins de la sant\u00e9.<\/p>\n<p>Date limite pour l&rsquo;inscription: 15 avril.<\/p>\n<hr>\n<h3><a title=\"Bourse du domaine de la sant\u00e9 \u00ab&nbsp;Sherbrooke Hospital Ladies Auxiliary&nbsp;\u00bb\" href=\"https:\/\/lampefoundation.org\/bourse-damelioration-du-village-de-north-hatley-lampe\/\">Bourse d&rsquo;am\u00e9lioration du village de North Hatley \/ Lampe<\/a><\/h3>\n<p>La Fondation Lampe et la FCFDU de la r\u00e9gion de Sherbrooke offrent une bourse d\u2019\u00e9tude (1 000 $) \u00e0 un \u00e9tudiante \u00e0 temps plein en m\u00e9decine, hommes ou femme, qui a l\u2019intention de r\u00e9sider dans les Cantons de l\u2019Est apr\u00e8s l\u2019obtention de son dipl\u00f4me. <span class=\"tlid-translation translation\" lang=\"fr\"><span class=\"\" title=\"\">Pr\u00e9f\u00e9rence donn\u00e9e aux \u00e9tudiants s&rsquo;int\u00e9ressant \u00e0 la g\u00e9riatrie.<\/span><\/span><\/p>\n<p>Crit\u00e8res d&rsquo;admissibilit\u00e9 : \u00eatre \u00e9tudiante \u00e0 temps plein,&nbsp; d\u00e9montrer un besoin financier et une implication dans la vie communautaire, \u00eatre \u00e9tudiante dans le domaine des soins de la sant\u00e9.<\/p>\n<p>Date limite pour l&rsquo;inscription: 15 avril.<\/p>\n<hr>\n<h4><strong>\u00c9cole secondaire<\/strong><\/h4>\n<hr>\n<h3><a href=\"\/?p=1637\">Bourses Daphne Cod\u00e8re pour le progr\u00e8s en fran\u00e7ais<\/a><\/h3>\n<p>Remises \u00e0 des \u00e9tudiants de l&rsquo;\u00e9cole secondaire Alexander Galt pour leur progression en fran\u00e7ais oral (50 $ chacune). Les laur\u00e9ats sont choisis par les enseignants. Le prix est remis \u00e0 la Soir\u00e9e des distinctions, en novembre.<\/p>\n<hr>\n<h3><a href=\"\/?p=1844\">Bourse Marlis Wehr en histoire<\/a><\/h3>\n<p>Remise \u00e0 un dipl\u00f4m\u00e9 de l&rsquo;\u00e9cole secondaire Alexander Galt pour ses efforts et son succ\u00e8s en histoire (150 $).<\/p>\n<p>Les laur\u00e9ats sont choisis par les enseignants. Le prix est remis \u00e0 la Soir\u00e9e des distinctions, en novembre.<\/p>\n<hr>\n<h3><a href=\"\/?p=1610\">Bourse de la Fondation Lampe et de la FCFDU de la r\u00e9gion de Sherbrooke, pour le leadership (\u00c9cole secondaire Massey Vanier)<\/a><\/h3>\n<p>Bourse remise \u00e0 un dipl\u00f4m\u00e9 de l&rsquo;\u00e9cole secondaire Massey Vanier qui a d\u00e9montr\u00e9 du leadership par son implication aux niveaux scolaire et communautaire. Les \u00e9tudiants doivent pr\u00e9senter leur demande \u00e0 l&rsquo;\u00e9cole. Le laur\u00e9at sera choisi par l&rsquo;\u00e9cole et le prix sera d\u00e9cern\u00e9 au gagnant \u00e0 la Soir\u00e9e des distinctions en juin.<\/p>\n<hr>\n<h3><a href=\"\/?p=1658\">Bourse de la Fondation Lampe et de la FCFDU de la r\u00e9gion de Sherbrooke, pour le leadership (\u00c9cole secondaire de Richmond)<\/a><\/h3>\n<p>Bourse remise \u00e0 un dipl\u00f4m\u00e9 de l&rsquo;\u00e9cole secondaire de Richmond qui a d\u00e9montr\u00e9 du leadership (150 $).<\/p>\n<p>Les r\u00e9cipiendaires sont nomin\u00e9s et choisis par l&rsquo;\u00e9cole. Le prix est remis \u00e0 la Soir\u00e9e des distinctions, en juin.<\/p>\n<hr>\n<h3><a href=\"\/?p=1608\">Bourse de la Fondation Lampe et de la FCFDU de la r\u00e9gion de Sherbrooke, pour le leadership (\u00c9cole secondaire Andrew S. Johnson)<\/a><\/h3>\n<p>Bourse remise \u00e0 un dipl\u00f4m\u00e9 de l&rsquo;\u00e9cole secondaire Andrew S. Johnson qui a d\u00e9montr\u00e9 du leadership par son implication aux niveaux scolaire et communautaire. Les \u00e9tudiants doivent pr\u00e9senter leur demande \u00e0 l&rsquo;\u00e9cole. Le laur\u00e9at du prix sera choisi par l&rsquo;\u00e9cole et annonc\u00e9 \u00e0 la Soir\u00e9e des distinctions en juin.<\/p>\n<hr>\n<h4><strong><span style=\"font-size: large;\">Bourse comm\u00e9morative (toutes cat\u00e9gories)<\/span><\/strong><\/h4>\n<hr>\n<h3><a href=\"\/?p=1604\">Bourse comm\u00e9morative<\/a><\/h3>\n<p>La Fondation d\u00e9cerne cette bourse d&rsquo;\u00e9tude (1000 $) \u00e0 une \u00e9tudiante \u00e0 temps plein dans l&rsquo;un des niveaux d&rsquo;enseignement.<\/p>\n<p>Les pr\u00e9sentations de candidates doivent \u00eatre faites par des membres de la FCFDU de la r\u00e9gion de Sherbrooke.<\/p>\n<p>Date limite d&rsquo;inscription: 30 octobre.<\/p>\n<p>&nbsp;<\/p>\n","protected":false},"excerpt":{"rendered":"<p>Tous les r\u00e9cipiendaires doivent \u00eatre citoyens canadiens ou r\u00e9sidents permanents. Note : Dans ce texte, le genre masculin est utilis\u00e9 comme g\u00e9n\u00e9rique, dans le seul but de ne pas alourdir le texte. Centre de formation professionnelle Lennoxville Bourses de la Fondation Tillotson, domaine de la sant\u00e9 La Fondation Lampe et la FCFDU de la r\u00e9gion&hellip;<\/p>\n","protected":false},"author":1,"featured_media":0,"parent":0,"menu_order":0,"comment_status":"closed","ping_status":"closed","template":"","meta":{"ngg_post_thumbnail":0,"footnotes":""},"class_list":["post-1686","page","type-page","status-publish","hentry","description-off"],"_links":{"self":[{"href":"https:\/\/lampefoundation.org\/fr\/wp-json\/wp\/v2\/pages\/1686","targetHints":{"allow":["GET"]}}],"collection":[{"href":"https:\/\/lampefoundation.org\/fr\/wp-json\/wp\/v2\/pages"}],"about":[{"href":"https:\/\/lampefoundation.org\/fr\/wp-json\/wp\/v2\/types\/page"}],"author":[{"embeddable":true,"href":"https:\/\/lampefoundation.org\/fr\/wp-json\/wp\/v2\/users\/1"}],"replies":[{"embeddable":true,"href":"https:\/\/lampefoundation.org\/fr\/wp-json\/wp\/v2\/comments?post=1686"}],"version-history":[{"count":56,"href":"https:\/\/lampefoundation.org\/fr\/wp-json\/wp\/v2\/pages\/1686\/revisions"}],"predecessor-version":[{"id":3135,"href":"https:\/\/lampefoundation.org\/fr\/wp-json\/wp\/v2\/pages\/1686\/revisions\/3135"}],"wp:attachment":[{"href":"https:\/\/lampefoundation.org\/fr\/wp-json\/wp\/v2\/media?parent=1686"}],"curies":[{"name":"wp","href":"https:\/\/api.w.org\/{rel}","templated":true}]}}