{"id":2381,"date":"2017-10-05T02:05:46","date_gmt":"2017-10-05T07:05:46","guid":{"rendered":"http:\/\/lampefoundation.org\/?page_id=2381"},"modified":"2023-01-23T22:11:49","modified_gmt":"2023-01-24T03:11:49","slug":"formulaire-complete-bourses-de-la-fondation-du-sherbrooke-hospital-vtc","status":"publish","type":"page","link":"https:\/\/lampefoundation.org\/fr\/formulaire-complete-bourses-de-la-fondation-du-sherbrooke-hospital-vtc\/","title":{"rendered":"Formulaire compl\u00e9t\u00e9 &#8211; Bourses de la Fondation du Sherbrooke Hospital (VTC)"},"content":{"rendered":"<p><strong><span id=\"result_box\" class=\"\" lang=\"fr\">Merci d&rsquo;avoir rempli votre formulaire de demande. <span class=\"alt-edited\">Une confirmation par courriel a \u00e9t\u00e9 envoy\u00e9 \u00e0 l&rsquo;adresse que vous avez fourni.<\/span><\/span><br \/>\n<\/strong><\/p>\n<h3><\/h3>\n<p><span id=\"result_box\" class=\"\" lang=\"fr\"><span class=\"\">Pour rappel, s&rsquo;il y a des documents \u00e0 envoyer, veuillez utiliser cette adresse:<\/span><\/span><\/p>\n<div><strong>Lampe Foundation<\/strong><\/div>\n<div><strong>1530 Loire St.<\/strong><\/div>\n<div><strong>Sherbrooke ,QC.<\/strong><\/div>\n<div><strong>J1J 3V9<\/strong><\/div>\n<p>&nbsp;<\/p>\n<p><a href=\"\/fr\/\"><span id=\"result_box\" class=\"short_text\" lang=\"fr\"><span class=\"\">Retour \u00e0 la page principale<\/span><\/span><\/a><\/p>\n<p>&nbsp;<\/p>\n","protected":false},"excerpt":{"rendered":"<p>Merci d&rsquo;avoir rempli votre formulaire de demande. Une confirmation par courriel a \u00e9t\u00e9 envoy\u00e9 \u00e0 l&rsquo;adresse que vous avez fourni. Pour rappel, s&rsquo;il y a des documents \u00e0 envoyer, veuillez utiliser cette adresse: Lampe Foundation 1530 Loire St. Sherbrooke ,QC. J1J 3V9 &nbsp; Retour \u00e0 la page principale &nbsp;<\/p>\n","protected":false},"author":1,"featured_media":0,"parent":0,"menu_order":0,"comment_status":"closed","ping_status":"closed","template":"","meta":{"ngg_post_thumbnail":0,"footnotes":""},"class_list":["post-2381","page","type-page","status-publish","hentry","description-off"],"_links":{"self":[{"href":"https:\/\/lampefoundation.org\/fr\/wp-json\/wp\/v2\/pages\/2381","targetHints":{"allow":["GET"]}}],"collection":[{"href":"https:\/\/lampefoundation.org\/fr\/wp-json\/wp\/v2\/pages"}],"about":[{"href":"https:\/\/lampefoundation.org\/fr\/wp-json\/wp\/v2\/types\/page"}],"author":[{"embeddable":true,"href":"https:\/\/lampefoundation.org\/fr\/wp-json\/wp\/v2\/users\/1"}],"replies":[{"embeddable":true,"href":"https:\/\/lampefoundation.org\/fr\/wp-json\/wp\/v2\/comments?post=2381"}],"version-history":[{"count":4,"href":"https:\/\/lampefoundation.org\/fr\/wp-json\/wp\/v2\/pages\/2381\/revisions"}],"predecessor-version":[{"id":2564,"href":"https:\/\/lampefoundation.org\/fr\/wp-json\/wp\/v2\/pages\/2381\/revisions\/2564"}],"wp:attachment":[{"href":"https:\/\/lampefoundation.org\/fr\/wp-json\/wp\/v2\/media?parent=2381"}],"curies":[{"name":"wp","href":"https:\/\/api.w.org\/{rel}","templated":true}]}}