{"id":2432,"date":"2017-10-06T03:21:15","date_gmt":"2017-10-06T08:21:15","guid":{"rendered":"http:\/\/lampefoundation.org\/?page_id=2432"},"modified":"2017-10-06T03:49:39","modified_gmt":"2017-10-06T08:49:39","slug":"formulaire-complete-bourse-commemorative","status":"publish","type":"page","link":"https:\/\/lampefoundation.org\/fr\/formulaire-complete-bourse-commemorative\/","title":{"rendered":"Formulaire compl\u00e9t\u00e9 &#8211; Bourse comm\u00e9morative"},"content":{"rendered":"<p><strong><span id=\"result_box\" class=\"\" lang=\"fr\">Merci d&rsquo;avoir rempli votre formulaire de demande. <span class=\"alt-edited\">Une confirmation par courriel a \u00e9t\u00e9 envoy\u00e9 \u00e0 l&rsquo;adresse que vous avez fourni.<\/span><\/span><br \/>\n<\/strong><\/p>\n<h3><\/h3>\n<div>&nbsp;<\/div>\n<p><a href=\"\/fr\/\"><span id=\"result_box\" class=\"short_text\" lang=\"fr\"><span class=\"\">Retour \u00e0 la page principale<\/span><\/span><\/a><\/p>\n<p>&nbsp;<\/p>\n","protected":false},"excerpt":{"rendered":"<p>Merci d&rsquo;avoir rempli votre formulaire de demande. Une confirmation par courriel a \u00e9t\u00e9 envoy\u00e9 \u00e0 l&rsquo;adresse que vous avez fourni. &nbsp; Retour \u00e0 la page principale &nbsp;<\/p>\n","protected":false},"author":1,"featured_media":0,"parent":0,"menu_order":0,"comment_status":"closed","ping_status":"closed","template":"","meta":{"ngg_post_thumbnail":0,"footnotes":""},"class_list":["post-2432","page","type-page","status-publish","hentry","description-off"],"_links":{"self":[{"href":"https:\/\/lampefoundation.org\/fr\/wp-json\/wp\/v2\/pages\/2432","targetHints":{"allow":["GET"]}}],"collection":[{"href":"https:\/\/lampefoundation.org\/fr\/wp-json\/wp\/v2\/pages"}],"about":[{"href":"https:\/\/lampefoundation.org\/fr\/wp-json\/wp\/v2\/types\/page"}],"author":[{"embeddable":true,"href":"https:\/\/lampefoundation.org\/fr\/wp-json\/wp\/v2\/users\/1"}],"replies":[{"embeddable":true,"href":"https:\/\/lampefoundation.org\/fr\/wp-json\/wp\/v2\/comments?post=2432"}],"version-history":[{"count":5,"href":"https:\/\/lampefoundation.org\/fr\/wp-json\/wp\/v2\/pages\/2432\/revisions"}],"predecessor-version":[{"id":2434,"href":"https:\/\/lampefoundation.org\/fr\/wp-json\/wp\/v2\/pages\/2432\/revisions\/2434"}],"wp:attachment":[{"href":"https:\/\/lampefoundation.org\/fr\/wp-json\/wp\/v2\/media?parent=2432"}],"curies":[{"name":"wp","href":"https:\/\/api.w.org\/{rel}","templated":true}]}}