{"id":3206,"date":"2023-01-19T20:29:15","date_gmt":"2023-01-20T01:29:15","guid":{"rendered":"https:\/\/lampefoundation.org\/home\/"},"modified":"2024-01-22T14:13:17","modified_gmt":"2024-01-22T19:13:17","slug":"home","status":"publish","type":"page","link":"https:\/\/lampefoundation.org\/fr\/","title":{"rendered":"Accueil"},"content":{"rendered":"<div class=\"wpb-content-wrapper\"><p>[vc_row][vc_column css=\u00a0\u00bb.vc_custom_1675814307193{padding-top: 20px !important;}\u00a0\u00bb][\/vc_column][\/vc_row][vc_row bg_type=\u00a0\u00bbbg_color\u00a0\u00bb bg_override=\u00a0\u00bbfull\u00a0\u00bb type=\u00a0\u00bbvc_default\u00a0\u00bb][vc_column width=\u00a0\u00bb2\/3&Prime;][vc_row_inner css=\u00a0\u00bb.vc_custom_1668446324327{padding-top: 30px !important;}\u00a0\u00bb][vc_column_inner css=\u00a0\u00bb.vc_custom_1575403372934{padding-bottom: 30px !important;}\u00a0\u00bb]<div id=\"ultimate-heading-15669e1db3f1a6ad\" class=\"uvc-heading ult-adjust-bottom-margin ultimate-heading-15669e1db3f1a6ad uvc-6803 accent-title-color\" data-hspacer=\"no_spacer\"  data-halign=\"left\" style=\"text-align:left\"><div class=\"uvc-heading-spacer no_spacer\" style=\"top\"><\/div><div class=\"uvc-main-heading ult-responsive\"  data-ultimate-target='.uvc-heading.ultimate-heading-15669e1db3f1a6ad h2'  data-responsive-json-new='{\"font-size\":\"desktop:32px;\",\"line-height\":\"desktop:34px;\"}' ><h2 style=\"--font-weight:theme;color:#063266;margin-bottom:20px;\">A propos de nous<\/h2><\/div><\/div>[vc_column_text css=\u00a0\u00bb.vc_custom_1674426415193{padding-top: 5px !important;}\u00a0\u00bb]<img loading=\"lazy\" decoding=\"async\" class=\"alignleft wp-image-3160\" src=\"http:\/\/lampefoundation.org\/wp-content\/uploads\/2023\/01\/shutterstock_1834002351-300x2001-1.jpg\" alt=\"\" width=\"240\" height=\"160\"><\/p>\n<p>La fondation LAMPE est un organisme communautaire \u00e0 but non lucratif. La Fondation se consacre \u00e0 soutenir l&rsquo;\u00e9ducation en encourageant les \u00e9tudiants qualifi\u00e9s des Cantons de l&rsquo;Est et de partout au Canada par une aide financi\u00e8re et un mentorat.<\/p>\n<p>La Fondation offre un soutien par le biais de bourses d&rsquo;\u00e9tudes patrimoniales pour les \u00e9tudiants qui ont d\u00e9montr\u00e9 leur capacit\u00e9 \u00e0 servir leur communaut\u00e9 en tant que leaders et par le biais de prix d\u00e9sign\u00e9s tels que les bourses de la Fondation du Sherbrooke Hospital pour les Townshippers qui suivent une formation pour devenir des professionnels de la sant\u00e9 et qui choisissent de rester dans les Cantons de l&rsquo;Est.[\/vc_column_text][\/vc_column_inner][\/vc_row_inner][vc_video link=\u00a0\u00bbhttps:\/\/youtu.be\/Y7poEmVGgzo\u00a0\u00bb el_width=\u00a0\u00bb70&Prime;][\/vc_column][vc_column width=\u00a0\u00bb1\/3&Prime;][vc_row_inner css=\u00a0\u00bb.vc_custom_1668446331440{padding-top: 30px !important;}\u00a0\u00bb][vc_column_inner css=\u00a0\u00bb.vc_custom_1575403372934{padding-bottom: 30px !important;}\u00a0\u00bb]<div id=\"ultimate-heading-127569e1db3f1a789\" class=\"uvc-heading ult-adjust-bottom-margin ultimate-heading-127569e1db3f1a789 uvc-4671 accent-title-color\" data-hspacer=\"no_spacer\"  data-halign=\"left\" style=\"text-align:left\"><div class=\"uvc-heading-spacer no_spacer\" style=\"top\"><\/div><div class=\"uvc-main-heading ult-responsive\"  data-ultimate-target='.uvc-heading.ultimate-heading-127569e1db3f1a789 h2'  data-responsive-json-new='{\"font-size\":\"desktop:32px;\",\"line-height\":\"desktop:34px;\"}' ><h2 style=\"--font-weight:theme;color:#063266;margin-bottom:20px;\">Derni\u00e8res nouvelles<\/h2><\/div><\/div>[vc_basic_grid post_type=\u00a0\u00bbpost\u00a0\u00bb max_items=\u00a0\u00bb1&Prime; element_width=\u00a0\u00bb12&Prime; grid_id=\u00a0\u00bbvc_gid:1705950211849-585abc41-ef07-6&Prime;][\/vc_column_inner][\/vc_row_inner][\/vc_column][\/vc_row][vc_row full_width=\u00a0\u00bbstretch_row\u00a0\u00bb equal_height=\u00a0\u00bbyes\u00a0\u00bb bg_type=\u00a0\u00bbbg_color\u00a0\u00bb type=\u00a0\u00bbvc_default\u00a0\u00bb css=\u00a0\u00bb.vc_custom_1668446377422{padding-top: 20px !important;background-color: #ffffff !important;}\u00a0\u00bb bg_color_value=\u00a0\u00bbrgba(0,30,102,0.04)\u00a0\u00bb][vc_column][vc_row_inner equal_height=\u00a0\u00bbyes\u00a0\u00bb gap=\u00a0\u00bb30&Prime; css=\u00a0\u00bb.vc_custom_1668403170456{padding-right: 25px !important;padding-bottom: 30px !important;padding-left: 25px !important;}\u00a0\u00bb][vc_column_inner width=\u00a0\u00bb1\/3&Prime; css=\u00a0\u00bb.vc_custom_1668403254264{padding-top: 30px !important;padding-right: 10% !important;padding-bottom: 30px !important;padding-left: 10% !important;background-color: rgba(0,30,102,0.04) !important;*background-color: rgb(0,30,102) !important;}\u00a0\u00bb]<style type=\"text\/css\" data-type=\"the7_shortcodes-inline-css\">.icon-with-text-shortcode.icon-text-id-bd8e0ce221f587b6df493045c1b40d18 .text-icon {\n  width: 32px;\n  height: 32px;\n  line-height: 32px;\n  font-size: 32px;\n  border-radius: 0px;\n  margin: 0px 0px 20px 0px;\n}\n.icon-with-text-shortcode.icon-text-id-bd8e0ce221f587b6df493045c1b40d18 .text-icon .icon-inner {\n  min-width: 32px;\n  min-height: 32px;\n  border-radius: 0px;\n}\n@media all and (-ms-high-contrast: none) {\n  .icon-with-text-shortcode.icon-text-id-bd8e0ce221f587b6df493045c1b40d18 .text-icon .icon-inner {\n    height: 32px;\n  }\n}\n.icon-with-text-shortcode.icon-text-id-bd8e0ce221f587b6df493045c1b40d18 .text-icon .dt-hover-icon {\n  line-height: 32px;\n}\n.icon-with-text-shortcode.icon-text-id-bd8e0ce221f587b6df493045c1b40d18 .text-icon:before,\n.icon-with-text-shortcode.icon-text-id-bd8e0ce221f587b6df493045c1b40d18 .text-icon:after,\n.icon-with-text-shortcode.icon-text-id-bd8e0ce221f587b6df493045c1b40d18 .text-icon .icon-inner:before,\n.icon-with-text-shortcode.icon-text-id-bd8e0ce221f587b6df493045c1b40d18 .text-icon .icon-inner:after {\n  min-width: 100%;\n  min-height: 100%;\n  padding: inherit;\n  border-radius: inherit;\n}\n.icon-with-text-shortcode.icon-text-id-bd8e0ce221f587b6df493045c1b40d18 .text-icon.dt-icon-border-on:before {\n  border-width: 0px;\n  border-style: solid;\n}\n.dt-icon-border-dashed.icon-with-text-shortcode.icon-text-id-bd8e0ce221f587b6df493045c1b40d18 .text-icon.dt-icon-border-on:before {\n  border-style: dashed;\n}\n.dt-icon-border-dotted.icon-with-text-shortcode.icon-text-id-bd8e0ce221f587b6df493045c1b40d18 .text-icon.dt-icon-border-on:before {\n  border-style: dotted;\n}\n.dt-icon-border-double.icon-with-text-shortcode.icon-text-id-bd8e0ce221f587b6df493045c1b40d18 .text-icon.dt-icon-border-on:before {\n  border-style: double;\n}\n.icon-with-text-shortcode.icon-text-id-bd8e0ce221f587b6df493045c1b40d18 .text-icon.dt-icon-border-dashed.dt-icon-border-on:before {\n  border-style: dashed;\n}\n.icon-with-text-shortcode.icon-text-id-bd8e0ce221f587b6df493045c1b40d18 .text-icon.dt-icon-border-dotted.dt-icon-border-on:before {\n  border-style: dotted;\n}\n.icon-with-text-shortcode.icon-text-id-bd8e0ce221f587b6df493045c1b40d18 .text-icon.dt-icon-border-double.dt-icon-border-on:before {\n  border-style: double;\n}\n.icon-with-text-shortcode.icon-text-id-bd8e0ce221f587b6df493045c1b40d18 .text-icon.dt-icon-hover-border-on:after {\n  border-width: 0px;\n  border-style: solid;\n}\n.icon-with-text-shortcode.icon-text-id-bd8e0ce221f587b6df493045c1b40d18 .text-icon.dt-icon-border-dashed.dt-icon-hover-border-on:after {\n  border-style: dashed;\n}\n.icon-with-text-shortcode.icon-text-id-bd8e0ce221f587b6df493045c1b40d18 .text-icon.dt-icon-border-dotted.dt-icon-hover-border-on:after {\n  border-style: dotted;\n}\n.icon-with-text-shortcode.icon-text-id-bd8e0ce221f587b6df493045c1b40d18 .text-icon.dt-icon-border-double.dt-icon-hover-border-on:after {\n  border-style: double;\n}\n.icon-with-text-shortcode.icon-text-id-bd8e0ce221f587b6df493045c1b40d18 .text-icon.dt-icon-hover-on:hover {\n  font-size: 32px;\n}\n#page .icon-with-text-shortcode.icon-text-id-bd8e0ce221f587b6df493045c1b40d18 .text-icon.dt-icon-hover-on:hover .soc-font-icon,\n#phantom .icon-with-text-shortcode.icon-text-id-bd8e0ce221f587b6df493045c1b40d18 .text-icon.dt-icon-hover-on:hover .soc-font-icon,\n#page .icon-with-text-shortcode.icon-text-id-bd8e0ce221f587b6df493045c1b40d18 .text-icon.dt-icon-hover-on:hover .soc-icon,\n#phantom .icon-with-text-shortcode.icon-text-id-bd8e0ce221f587b6df493045c1b40d18 .text-icon.dt-icon-hover-on:hover .soc-icon {\n  color: #fff;\n  background: none;\n}\n.icon-with-text-shortcode.icon-text-id-bd8e0ce221f587b6df493045c1b40d18.layout-1 {\n  grid-template-columns: 32px minmax(0,1fr);\n  grid-column-gap: 0px;\n}\n.icon-with-text-shortcode.icon-text-id-bd8e0ce221f587b6df493045c1b40d18.layout-2 {\n  grid-template-columns: minmax(0,1fr) 32px;\n  grid-column-gap: 0px;\n}\n.icon-with-text-shortcode.icon-text-id-bd8e0ce221f587b6df493045c1b40d18.layout-2 .text-icon {\n  margin-left: 0;\n}\n.icon-with-text-shortcode.icon-text-id-bd8e0ce221f587b6df493045c1b40d18.layout-3 {\n  grid-template-columns: 32px minmax(0,1fr);\n}\n.icon-with-text-shortcode.icon-text-id-bd8e0ce221f587b6df493045c1b40d18.layout-3 .dt-text-title {\n  margin-left: 0px;\n}\n.icon-with-text-shortcode.icon-text-id-bd8e0ce221f587b6df493045c1b40d18 .dt-text-title,\n.icon-with-text-shortcode.icon-text-id-bd8e0ce221f587b6df493045c1b40d18 .dt-text-title a {\n  color: #063266;\n  background: none;\n}\n.icon-with-text-shortcode.icon-text-id-bd8e0ce221f587b6df493045c1b40d18 .dt-text-title {\n  margin-bottom: 10px;\n}\n.icon-with-text-shortcode.icon-text-id-bd8e0ce221f587b6df493045c1b40d18 .dt-text-desc {\n  margin-bottom: 20px;\n}\n<\/style><div class=\"icon-with-text-shortcode  icon-text-id-bd8e0ce221f587b6df493045c1b40d18 layout-5  \" ><a href=\"\/fr\/a-propos-de-nous\/\" class=\"anchor-link text-icon dt-icon-bg-off dt-icon-hover-off\"><span class=\"icon-inner\"><i class=\"dt-regular-icon soc-icon fas fa-book-open\"><\/i><i class=\"dt-hover-icon soc-icon fas fa-book-open\"><\/i><\/span><\/a><h3 class=\"dt-text-title anchor-link\"><a class=\"anchor-link\"  href=\"\/fr\/a-propos-de-nous\/\">Histoire<\/a><\/h3><div class=\"dt-text-desc\">Depuis 1973, les membres de l'USFC Sherbrooke &amp; District ont mis de c\u00f4t\u00e9 des fonds pour des bourses d'\u00e9tudes. L'incorporation de la Fondation des bourses d'\u00e9tudes a eu lieu en 1993. Le nom a \u00e9t\u00e9 chang\u00e9 \u00e0 Fondation Lampe en 2010.<\/div><a href=\"\/fr\/a-propos-de-nous\/\" class=\"anchor-link  default-btn-shortcode dt-btn dt-btn-s link-hover-off ico-right-side\"><span>En savoir plus<\/span><i class=\"icomoon-the7-font-the7-arrow-29-2\"><\/i><\/a><\/div>[\/vc_column_inner][vc_column_inner width=\u00a0\u00bb1\/3&Prime; css=\u00a0\u00bb.vc_custom_1668403266876{padding-top: 30px !important;padding-right: 10% !important;padding-bottom: 30px !important;padding-left: 10% !important;background-color: rgba(0,30,102,0.04) !important;*background-color: rgb(0,30,102) !important;}\u00a0\u00bb]<style type=\"text\/css\" data-type=\"the7_shortcodes-inline-css\">.icon-with-text-shortcode.icon-text-id-812343e20e1c94eda05fefb28de98fd5 .text-icon {\n  width: 32px;\n  height: 32px;\n  line-height: 32px;\n  font-size: 32px;\n  border-radius: 0px;\n  margin: 0px 0px 20px 0px;\n}\n.icon-with-text-shortcode.icon-text-id-812343e20e1c94eda05fefb28de98fd5 .text-icon .icon-inner {\n  min-width: 32px;\n  min-height: 32px;\n  border-radius: 0px;\n}\n@media all and (-ms-high-contrast: none) {\n  .icon-with-text-shortcode.icon-text-id-812343e20e1c94eda05fefb28de98fd5 .text-icon .icon-inner {\n    height: 32px;\n  }\n}\n.icon-with-text-shortcode.icon-text-id-812343e20e1c94eda05fefb28de98fd5 .text-icon .dt-hover-icon {\n  line-height: 32px;\n}\n.icon-with-text-shortcode.icon-text-id-812343e20e1c94eda05fefb28de98fd5 .text-icon:before,\n.icon-with-text-shortcode.icon-text-id-812343e20e1c94eda05fefb28de98fd5 .text-icon:after,\n.icon-with-text-shortcode.icon-text-id-812343e20e1c94eda05fefb28de98fd5 .text-icon .icon-inner:before,\n.icon-with-text-shortcode.icon-text-id-812343e20e1c94eda05fefb28de98fd5 .text-icon .icon-inner:after {\n  min-width: 100%;\n  min-height: 100%;\n  padding: inherit;\n  border-radius: inherit;\n}\n.icon-with-text-shortcode.icon-text-id-812343e20e1c94eda05fefb28de98fd5 .text-icon.dt-icon-border-on:before {\n  border-width: 0px;\n  border-style: solid;\n}\n.dt-icon-border-dashed.icon-with-text-shortcode.icon-text-id-812343e20e1c94eda05fefb28de98fd5 .text-icon.dt-icon-border-on:before {\n  border-style: dashed;\n}\n.dt-icon-border-dotted.icon-with-text-shortcode.icon-text-id-812343e20e1c94eda05fefb28de98fd5 .text-icon.dt-icon-border-on:before {\n  border-style: dotted;\n}\n.dt-icon-border-double.icon-with-text-shortcode.icon-text-id-812343e20e1c94eda05fefb28de98fd5 .text-icon.dt-icon-border-on:before {\n  border-style: double;\n}\n.icon-with-text-shortcode.icon-text-id-812343e20e1c94eda05fefb28de98fd5 .text-icon.dt-icon-border-dashed.dt-icon-border-on:before {\n  border-style: dashed;\n}\n.icon-with-text-shortcode.icon-text-id-812343e20e1c94eda05fefb28de98fd5 .text-icon.dt-icon-border-dotted.dt-icon-border-on:before {\n  border-style: dotted;\n}\n.icon-with-text-shortcode.icon-text-id-812343e20e1c94eda05fefb28de98fd5 .text-icon.dt-icon-border-double.dt-icon-border-on:before {\n  border-style: double;\n}\n.icon-with-text-shortcode.icon-text-id-812343e20e1c94eda05fefb28de98fd5 .text-icon.dt-icon-hover-border-on:after {\n  border-width: 0px;\n  border-style: solid;\n}\n.icon-with-text-shortcode.icon-text-id-812343e20e1c94eda05fefb28de98fd5 .text-icon.dt-icon-border-dashed.dt-icon-hover-border-on:after {\n  border-style: dashed;\n}\n.icon-with-text-shortcode.icon-text-id-812343e20e1c94eda05fefb28de98fd5 .text-icon.dt-icon-border-dotted.dt-icon-hover-border-on:after {\n  border-style: dotted;\n}\n.icon-with-text-shortcode.icon-text-id-812343e20e1c94eda05fefb28de98fd5 .text-icon.dt-icon-border-double.dt-icon-hover-border-on:after {\n  border-style: double;\n}\n.icon-with-text-shortcode.icon-text-id-812343e20e1c94eda05fefb28de98fd5 .text-icon.dt-icon-hover-on:hover {\n  font-size: 32px;\n}\n#page .icon-with-text-shortcode.icon-text-id-812343e20e1c94eda05fefb28de98fd5 .text-icon.dt-icon-hover-on:hover .soc-font-icon,\n#phantom .icon-with-text-shortcode.icon-text-id-812343e20e1c94eda05fefb28de98fd5 .text-icon.dt-icon-hover-on:hover .soc-font-icon,\n#page .icon-with-text-shortcode.icon-text-id-812343e20e1c94eda05fefb28de98fd5 .text-icon.dt-icon-hover-on:hover .soc-icon,\n#phantom .icon-with-text-shortcode.icon-text-id-812343e20e1c94eda05fefb28de98fd5 .text-icon.dt-icon-hover-on:hover .soc-icon {\n  color: #fff;\n  background: none;\n}\n.icon-with-text-shortcode.icon-text-id-812343e20e1c94eda05fefb28de98fd5.layout-1 {\n  grid-template-columns: 32px minmax(0,1fr);\n  grid-column-gap: 0px;\n}\n.icon-with-text-shortcode.icon-text-id-812343e20e1c94eda05fefb28de98fd5.layout-2 {\n  grid-template-columns: minmax(0,1fr) 32px;\n  grid-column-gap: 0px;\n}\n.icon-with-text-shortcode.icon-text-id-812343e20e1c94eda05fefb28de98fd5.layout-2 .text-icon {\n  margin-left: 0;\n}\n.icon-with-text-shortcode.icon-text-id-812343e20e1c94eda05fefb28de98fd5.layout-3 {\n  grid-template-columns: 32px minmax(0,1fr);\n}\n.icon-with-text-shortcode.icon-text-id-812343e20e1c94eda05fefb28de98fd5.layout-3 .dt-text-title {\n  margin-left: 0px;\n}\n.icon-with-text-shortcode.icon-text-id-812343e20e1c94eda05fefb28de98fd5 .dt-text-title,\n.icon-with-text-shortcode.icon-text-id-812343e20e1c94eda05fefb28de98fd5 .dt-text-title a {\n  color: #063266;\n  background: none;\n}\n.icon-with-text-shortcode.icon-text-id-812343e20e1c94eda05fefb28de98fd5 .dt-text-title {\n  margin-bottom: 10px;\n}\n.icon-with-text-shortcode.icon-text-id-812343e20e1c94eda05fefb28de98fd5 .dt-text-desc {\n  margin-bottom: 20px;\n}\n<\/style><div class=\"icon-with-text-shortcode  icon-text-id-812343e20e1c94eda05fefb28de98fd5 layout-5  \" ><a href=\"https:\/\/cfuwsherbrooke.wordpress.com\/\" target=\"_blank\" class=\"anchor-link text-icon dt-icon-bg-off dt-icon-hover-off\"><span class=\"icon-inner\"><i class=\"dt-regular-icon soc-icon icomoon-the7-font-the7-link-00\"><\/i><i class=\"dt-hover-icon soc-icon icomoon-the7-font-the7-link-00\"><\/i><\/span><\/a><h3 class=\"dt-text-title anchor-link\"><a class=\"anchor-link\"  href=\"https:\/\/cfuwsherbrooke.wordpress.com\/\" target=\"_blank\">Affiliation<\/a><\/h3><div class=\"dt-text-desc\">La Fondation Lampe est affili\u00e9e \u00e0 l'UFC Sherbrooke &amp; District, l'un des plus de 100 clubs r\u00e9partis \u00e0 travers le Canada. Pour plus d'informations sur cette organisation active bas\u00e9e dans les Cantons de l'Est, cliquez ci-dessous.<\/div><a href=\"https:\/\/cfuwsherbrooke.wordpress.com\/\" class=\"anchor-link  default-btn-shortcode dt-btn dt-btn-s link-hover-off ico-right-side\" target=\"_blank\" rel=\"noopener\"><span>Site web du CFUW<\/span><i class=\"icomoon-the7-font-the7-arrow-29-2\"><\/i><\/a><\/div>[\/vc_column_inner][vc_column_inner width=\u00a0\u00bb1\/3&Prime; css=\u00a0\u00bb.vc_custom_1668403273666{padding-top: 30px !important;padding-right: 10% !important;padding-bottom: 30px !important;padding-left: 10% !important;background-color: rgba(0,30,102,0.04) !important;*background-color: rgb(0,30,102) !important;}\u00a0\u00bb]<style type=\"text\/css\" data-type=\"the7_shortcodes-inline-css\">.icon-with-text-shortcode.icon-text-id-a03e8e626ed5aa6ff70af9810ccbbbc6 .text-icon {\n  width: 32px;\n  height: 32px;\n  line-height: 32px;\n  font-size: 32px;\n  border-radius: 0px;\n  margin: 0px 0px 20px 0px;\n}\n.icon-with-text-shortcode.icon-text-id-a03e8e626ed5aa6ff70af9810ccbbbc6 .text-icon .icon-inner {\n  min-width: 32px;\n  min-height: 32px;\n  border-radius: 0px;\n}\n@media all and (-ms-high-contrast: none) {\n  .icon-with-text-shortcode.icon-text-id-a03e8e626ed5aa6ff70af9810ccbbbc6 .text-icon .icon-inner {\n    height: 32px;\n  }\n}\n.icon-with-text-shortcode.icon-text-id-a03e8e626ed5aa6ff70af9810ccbbbc6 .text-icon .dt-hover-icon {\n  line-height: 32px;\n}\n.icon-with-text-shortcode.icon-text-id-a03e8e626ed5aa6ff70af9810ccbbbc6 .text-icon:before,\n.icon-with-text-shortcode.icon-text-id-a03e8e626ed5aa6ff70af9810ccbbbc6 .text-icon:after,\n.icon-with-text-shortcode.icon-text-id-a03e8e626ed5aa6ff70af9810ccbbbc6 .text-icon .icon-inner:before,\n.icon-with-text-shortcode.icon-text-id-a03e8e626ed5aa6ff70af9810ccbbbc6 .text-icon .icon-inner:after {\n  min-width: 100%;\n  min-height: 100%;\n  padding: inherit;\n  border-radius: inherit;\n}\n.icon-with-text-shortcode.icon-text-id-a03e8e626ed5aa6ff70af9810ccbbbc6 .text-icon.dt-icon-border-on:before {\n  border-width: 0px;\n  border-style: solid;\n}\n.dt-icon-border-dashed.icon-with-text-shortcode.icon-text-id-a03e8e626ed5aa6ff70af9810ccbbbc6 .text-icon.dt-icon-border-on:before {\n  border-style: dashed;\n}\n.dt-icon-border-dotted.icon-with-text-shortcode.icon-text-id-a03e8e626ed5aa6ff70af9810ccbbbc6 .text-icon.dt-icon-border-on:before {\n  border-style: dotted;\n}\n.dt-icon-border-double.icon-with-text-shortcode.icon-text-id-a03e8e626ed5aa6ff70af9810ccbbbc6 .text-icon.dt-icon-border-on:before {\n  border-style: double;\n}\n.icon-with-text-shortcode.icon-text-id-a03e8e626ed5aa6ff70af9810ccbbbc6 .text-icon.dt-icon-border-dashed.dt-icon-border-on:before {\n  border-style: dashed;\n}\n.icon-with-text-shortcode.icon-text-id-a03e8e626ed5aa6ff70af9810ccbbbc6 .text-icon.dt-icon-border-dotted.dt-icon-border-on:before {\n  border-style: dotted;\n}\n.icon-with-text-shortcode.icon-text-id-a03e8e626ed5aa6ff70af9810ccbbbc6 .text-icon.dt-icon-border-double.dt-icon-border-on:before {\n  border-style: double;\n}\n.icon-with-text-shortcode.icon-text-id-a03e8e626ed5aa6ff70af9810ccbbbc6 .text-icon.dt-icon-hover-border-on:after {\n  border-width: 0px;\n  border-style: solid;\n}\n.icon-with-text-shortcode.icon-text-id-a03e8e626ed5aa6ff70af9810ccbbbc6 .text-icon.dt-icon-border-dashed.dt-icon-hover-border-on:after {\n  border-style: dashed;\n}\n.icon-with-text-shortcode.icon-text-id-a03e8e626ed5aa6ff70af9810ccbbbc6 .text-icon.dt-icon-border-dotted.dt-icon-hover-border-on:after {\n  border-style: dotted;\n}\n.icon-with-text-shortcode.icon-text-id-a03e8e626ed5aa6ff70af9810ccbbbc6 .text-icon.dt-icon-border-double.dt-icon-hover-border-on:after {\n  border-style: double;\n}\n.icon-with-text-shortcode.icon-text-id-a03e8e626ed5aa6ff70af9810ccbbbc6 .text-icon.dt-icon-hover-on:hover {\n  font-size: 32px;\n}\n#page .icon-with-text-shortcode.icon-text-id-a03e8e626ed5aa6ff70af9810ccbbbc6 .text-icon.dt-icon-hover-on:hover .soc-font-icon,\n#phantom .icon-with-text-shortcode.icon-text-id-a03e8e626ed5aa6ff70af9810ccbbbc6 .text-icon.dt-icon-hover-on:hover .soc-font-icon,\n#page .icon-with-text-shortcode.icon-text-id-a03e8e626ed5aa6ff70af9810ccbbbc6 .text-icon.dt-icon-hover-on:hover .soc-icon,\n#phantom .icon-with-text-shortcode.icon-text-id-a03e8e626ed5aa6ff70af9810ccbbbc6 .text-icon.dt-icon-hover-on:hover .soc-icon {\n  color: #fff;\n  background: none;\n}\n.icon-with-text-shortcode.icon-text-id-a03e8e626ed5aa6ff70af9810ccbbbc6.layout-1 {\n  grid-template-columns: 32px minmax(0,1fr);\n  grid-column-gap: 0px;\n}\n.icon-with-text-shortcode.icon-text-id-a03e8e626ed5aa6ff70af9810ccbbbc6.layout-2 {\n  grid-template-columns: minmax(0,1fr) 32px;\n  grid-column-gap: 0px;\n}\n.icon-with-text-shortcode.icon-text-id-a03e8e626ed5aa6ff70af9810ccbbbc6.layout-2 .text-icon {\n  margin-left: 0;\n}\n.icon-with-text-shortcode.icon-text-id-a03e8e626ed5aa6ff70af9810ccbbbc6.layout-3 {\n  grid-template-columns: 32px minmax(0,1fr);\n}\n.icon-with-text-shortcode.icon-text-id-a03e8e626ed5aa6ff70af9810ccbbbc6.layout-3 .dt-text-title {\n  margin-left: 0px;\n}\n.icon-with-text-shortcode.icon-text-id-a03e8e626ed5aa6ff70af9810ccbbbc6 .dt-text-title,\n.icon-with-text-shortcode.icon-text-id-a03e8e626ed5aa6ff70af9810ccbbbc6 .dt-text-title a {\n  color: #063266;\n  background: none;\n}\n.icon-with-text-shortcode.icon-text-id-a03e8e626ed5aa6ff70af9810ccbbbc6 .dt-text-title {\n  margin-bottom: 10px;\n}\n.icon-with-text-shortcode.icon-text-id-a03e8e626ed5aa6ff70af9810ccbbbc6 .dt-text-desc {\n  margin-bottom: 20px;\n}\n<\/style><div class=\"icon-with-text-shortcode  icon-text-id-a03e8e626ed5aa6ff70af9810ccbbbc6 layout-5  \" ><a href=\"\/fr\/faire-un-don\/\" class=\"anchor-link text-icon dt-icon-bg-off dt-icon-hover-off\"><span class=\"icon-inner\"><i class=\"dt-regular-icon soc-icon fas fa-donate\"><\/i><i class=\"dt-hover-icon soc-icon fas fa-donate\"><\/i><\/span><\/a><h3 class=\"dt-text-title anchor-link\"><a class=\"anchor-link\"  href=\"\/fr\/faire-un-don\/\">Faire un don<\/a><\/h3><div class=\"dt-text-desc\">Gr\u00e2ce \u00e0 des dons personnels, des \u00e9v\u00e9nements th\u00e9\u00e2traux et des dons planifi\u00e9s, la Fondation Lampe collecte des fonds pour les \u00e9tudiants qualifi\u00e9s ayant des besoins financiers. Pour faire un don, veuillez cliquer ci-dessous.<\/div><a href=\"\/fr\/faire-un-don\/\" class=\"anchor-link  default-btn-shortcode dt-btn dt-btn-s link-hover-off ico-right-side\"><span>D\u00e9tails<\/span><i class=\"icomoon-the7-font-the7-arrow-29-2\"><\/i><\/a><\/div>[\/vc_column_inner][\/vc_row_inner][\/vc_column][\/vc_row]<\/p>\n<\/div>","protected":false},"excerpt":{"rendered":"<p>[vc_row][vc_column css=\u00a0\u00bb.vc_custom_1675814307193{padding-top: 20px !important;}\u00a0\u00bb][\/vc_column][\/vc_row][vc_row bg_type=\u00a0\u00bbbg_color\u00a0\u00bb bg_override=\u00a0\u00bbfull\u00a0\u00bb type=\u00a0\u00bbvc_default\u00a0\u00bb][vc_column width=\u00a0\u00bb2\/3&Prime;][vc_row_inner css=\u00a0\u00bb.vc_custom_1668446324327{padding-top: 30px !important;}\u00a0\u00bb][vc_column_inner css=\u00a0\u00bb.vc_custom_1575403372934{padding-bottom: 30px !important;}\u00a0\u00bb][vc_column_text css=\u00a0\u00bb.vc_custom_1674426415193{padding-top: 5px !important;}\u00a0\u00bb] La fondation LAMPE est un organisme communautaire \u00e0 but non lucratif. La Fondation se consacre \u00e0 soutenir l&rsquo;\u00e9ducation en encourageant les \u00e9tudiants qualifi\u00e9s des Cantons de l&rsquo;Est et de partout au Canada par une aide financi\u00e8re et un&hellip;<\/p>\n","protected":false},"author":1,"featured_media":0,"parent":0,"menu_order":0,"comment_status":"closed","ping_status":"closed","template":"","meta":{"ngg_post_thumbnail":0,"footnotes":""},"class_list":["post-3206","page","type-page","status-publish","hentry","description-off"],"_links":{"self":[{"href":"https:\/\/lampefoundation.org\/fr\/wp-json\/wp\/v2\/pages\/3206","targetHints":{"allow":["GET"]}}],"collection":[{"href":"https:\/\/lampefoundation.org\/fr\/wp-json\/wp\/v2\/pages"}],"about":[{"href":"https:\/\/lampefoundation.org\/fr\/wp-json\/wp\/v2\/types\/page"}],"author":[{"embeddable":true,"href":"https:\/\/lampefoundation.org\/fr\/wp-json\/wp\/v2\/users\/1"}],"replies":[{"embeddable":true,"href":"https:\/\/lampefoundation.org\/fr\/wp-json\/wp\/v2\/comments?post=3206"}],"version-history":[{"count":11,"href":"https:\/\/lampefoundation.org\/fr\/wp-json\/wp\/v2\/pages\/3206\/revisions"}],"predecessor-version":[{"id":3844,"href":"https:\/\/lampefoundation.org\/fr\/wp-json\/wp\/v2\/pages\/3206\/revisions\/3844"}],"wp:attachment":[{"href":"https:\/\/lampefoundation.org\/fr\/wp-json\/wp\/v2\/media?parent=3206"}],"curies":[{"name":"wp","href":"https:\/\/api.w.org\/{rel}","templated":true}]}}