{"id":3309,"date":"2023-01-21T21:42:44","date_gmt":"2023-01-22T02:42:44","guid":{"rendered":"https:\/\/lampefoundation.org\/page-andrew-s-johnson\/"},"modified":"2023-01-25T16:58:34","modified_gmt":"2023-01-25T21:58:34","slug":"bourse-de-la-fondation-lampe-et-de-la-fcfdu-de-la-region-de-sherbrooke-pour-le-leadership-ecole-secondaire-andrew-s-johnson","status":"publish","type":"page","link":"https:\/\/lampefoundation.org\/fr\/bourse-de-la-fondation-lampe-et-de-la-fcfdu-de-la-region-de-sherbrooke-pour-le-leadership-ecole-secondaire-andrew-s-johnson\/","title":{"rendered":"Bourse de la Fondation Lampe et de la FCFDU de la r\u00e9gion de Sherbrooke, pour le leadership (\u00c9cole secondaire Andrew S. Johnson)"},"content":{"rendered":"<div class=\"wpb-content-wrapper\"><p>[vc_row][vc_column width=\u00a0\u00bb3\/4&Prime;][vc_column_text css=\u00a0\u00bb.vc_custom_1674683904873{padding-bottom: 20px !important;}\u00a0\u00bb]<span style=\"font-size: 18pt;\"><strong>Bourse remise \u00e0 un dipl\u00f4m\u00e9 de l\u2019\u00e9cole secondaire Andrew S. Johnson qui a d\u00e9montr\u00e9 du leadership par son implication aux niveaux scolaire et communautaire. <\/strong><\/span><\/p>\n<p><span style=\"font-size: 12pt;\"><strong>Les \u00e9tudiants doivent pr\u00e9senter leur demande \u00e0 l\u2019\u00e9cole. <\/strong><\/span><\/p>\n<p><span style=\"font-size: 12pt;\"><strong>Le laur\u00e9at du prix sera choisi par l\u2019\u00e9cole et annonc\u00e9 \u00e0 la Soir\u00e9e des distinctions en juin.<\/strong><\/span>[\/vc_column_text][\/vc_column][vc_column width=\u00a0\u00bb1\/4&Prime; css=\u00a0\u00bb.vc_custom_1668647156763{padding-top: 10px !important;padding-right: 10px !important;padding-bottom: 10px !important;padding-left: 10px !important;background-color: #fdba1c !important;}\u00a0\u00bb][vc_single_image image=\u00a0\u00bb3216&Prime; img_size=\u00a0\u00bbmedium\u00a0\u00bb alignment=\u00a0\u00bbcenter\u00a0\u00bb css=\u00a0\u00bb.vc_custom_1674265117260{padding-bottom: 30px !important;}\u00a0\u00bb]<div id=\"ultimate-heading-416269d787d9df931\" class=\"uvc-heading ult-adjust-bottom-margin ultimate-heading-416269d787d9df931 uvc-3743  uvc-heading-default-font-sizes\" data-hspacer=\"line_only\"  data-halign=\"center\" style=\"text-align:center\"><div class=\"uvc-main-heading ult-responsive\"  data-ultimate-target='.uvc-heading.ultimate-heading-416269d787d9df931 h3'  data-responsive-json-new='{\"font-size\":\"\",\"line-height\":\"\"}' ><h3 style=\"--font-weight:theme;color:#002d62;\">Date limite pour l\u2019inscription<\/h3><\/div><div class=\"uvc-heading-spacer line_only\" style=\"margin-top:5px;margin-bottom:10px;height:2px;\"><span class=\"uvc-headings-line\" style=\"border-style:solid;border-bottom-width:2px;border-color:#002d62;width:220px;\"><\/span><\/div><\/div>[vc_column_text css=\u00a0\u00bb.vc_custom_1674683892713{padding-bottom: 20px !important;}\u00a0\u00bb]<\/p>\n<p style=\"text-align: center;\"><span style=\"color: #ffffff; text-shadow: 1px 1px 1px #000000;\"><strong><span style=\"font-size: 18pt;\">Contacter l&rsquo;\u00e9cole<\/span><\/strong><\/span><\/p>\n<p>[\/vc_column_text][\/vc_column][\/vc_row]<\/p>\n<\/div>","protected":false},"excerpt":{"rendered":"<p>[vc_row][vc_column width=\u00a0\u00bb3\/4&Prime;][vc_column_text css=\u00a0\u00bb.vc_custom_1674683904873{padding-bottom: 20px !important;}\u00a0\u00bb]Bourse remise \u00e0 un dipl\u00f4m\u00e9 de l\u2019\u00e9cole secondaire Andrew S. Johnson qui a d\u00e9montr\u00e9 du leadership par son implication aux niveaux scolaire et communautaire. Les \u00e9tudiants doivent pr\u00e9senter leur demande \u00e0 l\u2019\u00e9cole. Le laur\u00e9at du prix sera choisi par l\u2019\u00e9cole et annonc\u00e9 \u00e0 la Soir\u00e9e des distinctions en juin.[\/vc_column_text][\/vc_column][vc_column width=\u00a0\u00bb1\/4&Prime; css=\u00a0\u00bb.vc_custom_1668647156763{padding-top:&hellip;<\/p>\n","protected":false},"author":1,"featured_media":0,"parent":0,"menu_order":0,"comment_status":"closed","ping_status":"closed","template":"","meta":{"ngg_post_thumbnail":0,"footnotes":""},"class_list":["post-3309","page","type-page","status-publish","hentry","description-off"],"_links":{"self":[{"href":"https:\/\/lampefoundation.org\/fr\/wp-json\/wp\/v2\/pages\/3309","targetHints":{"allow":["GET"]}}],"collection":[{"href":"https:\/\/lampefoundation.org\/fr\/wp-json\/wp\/v2\/pages"}],"about":[{"href":"https:\/\/lampefoundation.org\/fr\/wp-json\/wp\/v2\/types\/page"}],"author":[{"embeddable":true,"href":"https:\/\/lampefoundation.org\/fr\/wp-json\/wp\/v2\/users\/1"}],"replies":[{"embeddable":true,"href":"https:\/\/lampefoundation.org\/fr\/wp-json\/wp\/v2\/comments?post=3309"}],"version-history":[{"count":5,"href":"https:\/\/lampefoundation.org\/fr\/wp-json\/wp\/v2\/pages\/3309\/revisions"}],"predecessor-version":[{"id":3705,"href":"https:\/\/lampefoundation.org\/fr\/wp-json\/wp\/v2\/pages\/3309\/revisions\/3705"}],"wp:attachment":[{"href":"https:\/\/lampefoundation.org\/fr\/wp-json\/wp\/v2\/media?parent=3309"}],"curies":[{"name":"wp","href":"https:\/\/api.w.org\/{rel}","templated":true}]}}