{"id":3329,"date":"2023-01-21T21:26:59","date_gmt":"2023-01-22T02:26:59","guid":{"rendered":"https:\/\/lampefoundation.org\/page-daphne-codere-french-scholarships\/"},"modified":"2023-01-25T16:49:03","modified_gmt":"2023-01-25T21:49:03","slug":"bourses-daphne-codere-pour-le-progres-en-francais","status":"publish","type":"page","link":"https:\/\/lampefoundation.org\/fr\/bourses-daphne-codere-pour-le-progres-en-francais\/","title":{"rendered":"Bourses Daphne Cod\u00e8re pour le progr\u00e8s en fran\u00e7ais"},"content":{"rendered":"<div class=\"wpb-content-wrapper\"><p>[vc_row][vc_column width=\u00a0\u00bb3\/4&Prime;][vc_column_text css=\u00a0\u00bb.vc_custom_1674683324354{padding-bottom: 20px !important;}\u00a0\u00bb]<span style=\"font-size: 18pt;\"><strong>Pour la progression en fran\u00e7ais oral des \u00e9tudiants de l\u2019\u00e9cole secondaire Alexander Galt. <\/strong><\/span><\/p>\n<p><span style=\"font-size: 12pt;\"><strong>Les r\u00e9cipiendaires sont choisis par les enseignants. <\/strong><\/span><\/p>\n<p><span style=\"font-size: 12pt;\"><strong>Le prix est remis \u00e0 la Soir\u00e9e des distinctions, en novembre.<\/strong><\/span>[\/vc_column_text][\/vc_column][vc_column width=\u00a0\u00bb1\/4&Prime; css=\u00a0\u00bb.vc_custom_1668647156763{padding-top: 10px !important;padding-right: 10px !important;padding-bottom: 10px !important;padding-left: 10px !important;background-color: #fdba1c !important;}\u00a0\u00bb][vc_single_image image=\u00a0\u00bb3694&Prime; img_size=\u00a0\u00bbmedium\u00a0\u00bb alignment=\u00a0\u00bbcenter\u00a0\u00bb css=\u00a0\u00bb.vc_custom_1674683333109{padding-bottom: 30px !important;}\u00a0\u00bb]<div id=\"ultimate-heading-576069e3e25ce33d6\" class=\"uvc-heading ult-adjust-bottom-margin ultimate-heading-576069e3e25ce33d6 uvc-2671  uvc-heading-default-font-sizes\" data-hspacer=\"line_only\"  data-halign=\"center\" style=\"text-align:center\"><div class=\"uvc-main-heading ult-responsive\"  data-ultimate-target='.uvc-heading.ultimate-heading-576069e3e25ce33d6 h3'  data-responsive-json-new='{\"font-size\":\"\",\"line-height\":\"\"}' ><h3 style=\"--font-weight:theme;color:#002d62;\">Montant de la bourse<\/h3><\/div><div class=\"uvc-heading-spacer line_only\" style=\"margin-top:5px;margin-bottom:10px;height:2px;\"><span class=\"uvc-headings-line\" style=\"border-style:solid;border-bottom-width:2px;border-color:#002d62;width:220px;\"><\/span><\/div><\/div>[vc_column_text css=\u00a0\u00bb.vc_custom_1674425896878{padding-bottom: 20px !important;}\u00a0\u00bb]<\/p>\n<p style=\"text-align: center;\"><span style=\"color: #ffffff; text-shadow: 1px 1px 1px #000000;\"><strong><span style=\"font-size: 18pt;\">50 $ chacune<\/span><\/strong><\/span><\/p>\n<p>[\/vc_column_text][\/vc_column][\/vc_row]<\/p>\n<\/div>","protected":false},"excerpt":{"rendered":"<p>[vc_row][vc_column width=\u00a0\u00bb3\/4&Prime;][vc_column_text css=\u00a0\u00bb.vc_custom_1674683324354{padding-bottom: 20px !important;}\u00a0\u00bb]Pour la progression en fran\u00e7ais oral des \u00e9tudiants de l\u2019\u00e9cole secondaire Alexander Galt. Les r\u00e9cipiendaires sont choisis par les enseignants. Le prix est remis \u00e0 la Soir\u00e9e des distinctions, en novembre.[\/vc_column_text][\/vc_column][vc_column width=\u00a0\u00bb1\/4&Prime; css=\u00a0\u00bb.vc_custom_1668647156763{padding-top: 10px !important;padding-right: 10px !important;padding-bottom: 10px !important;padding-left: 10px !important;background-color: #fdba1c !important;}\u00a0\u00bb][vc_single_image image=\u00a0\u00bb3694&Prime; img_size=\u00a0\u00bbmedium\u00a0\u00bb alignment=\u00a0\u00bbcenter\u00a0\u00bb css=\u00a0\u00bb.vc_custom_1674683333109{padding-bottom: 30px !important;}\u00a0\u00bb][vc_column_text css=\u00a0\u00bb.vc_custom_1674425896878{padding-bottom: 20px&hellip;<\/p>\n","protected":false},"author":1,"featured_media":0,"parent":0,"menu_order":0,"comment_status":"closed","ping_status":"closed","template":"","meta":{"ngg_post_thumbnail":0,"footnotes":""},"class_list":["post-3329","page","type-page","status-publish","hentry","description-off"],"_links":{"self":[{"href":"https:\/\/lampefoundation.org\/fr\/wp-json\/wp\/v2\/pages\/3329","targetHints":{"allow":["GET"]}}],"collection":[{"href":"https:\/\/lampefoundation.org\/fr\/wp-json\/wp\/v2\/pages"}],"about":[{"href":"https:\/\/lampefoundation.org\/fr\/wp-json\/wp\/v2\/types\/page"}],"author":[{"embeddable":true,"href":"https:\/\/lampefoundation.org\/fr\/wp-json\/wp\/v2\/users\/1"}],"replies":[{"embeddable":true,"href":"https:\/\/lampefoundation.org\/fr\/wp-json\/wp\/v2\/comments?post=3329"}],"version-history":[{"count":4,"href":"https:\/\/lampefoundation.org\/fr\/wp-json\/wp\/v2\/pages\/3329\/revisions"}],"predecessor-version":[{"id":3696,"href":"https:\/\/lampefoundation.org\/fr\/wp-json\/wp\/v2\/pages\/3329\/revisions\/3696"}],"wp:attachment":[{"href":"https:\/\/lampefoundation.org\/fr\/wp-json\/wp\/v2\/media?parent=3329"}],"curies":[{"name":"wp","href":"https:\/\/api.w.org\/{rel}","templated":true}]}}