{"id":3395,"date":"2023-01-19T21:50:00","date_gmt":"2023-01-20T02:50:00","guid":{"rendered":"https:\/\/lampefoundation.org\/page-dr-roberta-cameron-aboriginal-awards-champlain-college-lennoxville-campus\/"},"modified":"2024-01-23T13:26:15","modified_gmt":"2024-01-23T18:26:15","slug":"bourse-autochtone-dr-roberta-cameron-college-champlain-campus-lennoxville","status":"publish","type":"page","link":"https:\/\/lampefoundation.org\/fr\/bourse-autochtone-dr-roberta-cameron-college-champlain-campus-lennoxville\/","title":{"rendered":"Bourse Autochtone Dr. Roberta Cameron \u2013 Coll\u00e8ge Champlain \u2013 Campus Lennoxville"},"content":{"rendered":"<div class=\"wpb-content-wrapper\"><p>[vc_row][vc_column width=\u00a0\u00bb3\/4&Prime;][vc_column_text css=\u00a0\u00bb.vc_custom_1674432841252{padding-bottom: 20px !important;}\u00a0\u00bb]<span style=\"font-size: 18pt;\"><strong>La Fondation Lampe offre 3 bourses \u00e0 une \u00e9tudiante, ou un \u00e9tudiant, autochtone \u00e0 temps plein, qui fr\u00e9quente le Coll\u00e8ge Champlain, Campus Lennoxville, ayant d\u00e9j\u00e0 compl\u00e9t\u00e9 au moins une ann\u00e9e \u00e0 temps plein \u00e0 cette institution scolaire.<\/strong><\/span>[\/vc_column_text]<div class=\"standard-arrow bullet-top\"><div>\n<div>\n<div>\n<div><strong>CRIT\u00c8RES D\u2019ADMISSIBILIT\u00c9<\/strong><\/div>\n<\/div>\n<\/div>\n<\/div>\n<ul>\n<li><span class=\"tlid-translation translation\" lang=\"fr\"><span class=\"\" title=\"\">\u00c9tudiant \u00e0 temps plein d\u2019au moins sa 2e ann\u00e9e \u00e0 Champlain-Lennoxville.<\/span><\/span><\/li>\n<li><span class=\"tlid-translation translation\" lang=\"fr\"><span class=\"alt-edited\" title=\"\">M\u00e2le ou femelle<\/span><\/span><\/li>\n<li>D\u00e9montrer un besoin financier;<\/li>\n<li>D\u00e9montre du leadership et de la pers\u00e9v\u00e9rance.<\/li>\n<li>Pr\u00e9f\u00e9rence aux \u00e9tudiant(e)s qui comptent retourner \u00e0 leur communaut\u00e9 une fois leurs \u00e9tudes termin\u00e9es.<\/li>\n<\/ul>\n<\/div><div class=\"standard-number-list bullet-top\"><p><strong>POUR APPLIQUER: <\/strong>\u00c9crivez une lettre d\u2019introduction en version \u00e9lectronique,&nbsp;<strong>avec une taille de police de 11 ou 12 points \u00e0 double interlignes sauvegarder en format PDF.<\/strong>&nbsp;La lettre devrait inclure vos r\u00e9ponses aux questions suivantes::<\/p>\n<p>Titre:<br \/>\nNom de l\u2019\u00e9tudiant(e) \u2013 Lettre d\u2019introduction pour la bourse autochtone<\/p>\n<ol>\n<li>Parlez-nous de vous, votre famille, votre communaut\u00e9 et pourquoi vous avez d\u00e9cid\u00e9 de poursuivre des \u00e9tudes post-secondaires dans votre domaine d\u2019\u00e9tude?<\/li>\n<li>Quelles connaissances et comp\u00e9tences avez-vous acquises qui vous ont permis de maintenir votre engagement envers vos \u00e9tudes?<\/li>\n<li>\u00c9num\u00e9rez quelques d\u00e9fis et succ\u00e8s de votre pass\u00e9 sur lesquels vous allez b\u00e2tir votre avenir?<\/li>\n<li>Quels sont vos r\u00eaves, espoirs et plans, une fois vos \u00e9tudes compl\u00e9t\u00e9es?<\/li>\n<li>Comment \u00eates-vous devenu impliqu\u00e9 au sein de votre communaut\u00e9 pendant vos \u00e9tudes (activit\u00e9s parascolaires ou comme b\u00e9n\u00e9vole)? Comment \u00eates-vous impliqu\u00e9 au sein de votre communaut\u00e9 locale, lorsque vous \u00eates de retour \u00e0 domicile?<\/li>\n<li>Quel serait l\u2019impact d\u2019une bourse sur vous et votre communaut\u00e9?<\/li>\n<\/ol>\n<p><strong>Envoyer votre lettre d\u2019application \u00e0 :<\/strong>&nbsp;Brenda Smith, Conseill\u00e8re en vie \u00e9tudiante, Autochtones et Interculturel, au <a href=\"mailto:bsmith@crcmail.net\">bsmith@crcmail.net<\/a> pas plus tard que le <strong>1er d\u00e9cembre<\/strong>.<\/p>\n<p>Les applications seront r\u00e9vis\u00e9es par un comit\u00e9 au Coll\u00e8ge Champlain \u2013 Lennoxville, qui fournira une recommandation finale au comit\u00e9 de s\u00e9lection de la Fondation Lampe.<\/p>\n<div class=\"entry-content\">\n<p><strong>Les bourses seront pr\u00e9sent\u00e9es \u00e0 chaque ann\u00e9e en f\u00e9vrier.<\/strong><\/p>\n<\/div>\n<\/div>[\/vc_column][vc_column width=\u00a0\u00bb1\/4&Prime; css=\u00a0\u00bb.vc_custom_1668647156763{padding-top: 10px !important;padding-right: 10px !important;padding-bottom: 10px !important;padding-left: 10px !important;background-color: #fdba1c !important;}\u00a0\u00bb][vc_single_image image=\u00a0\u00bb3606&Prime; img_size=\u00a0\u00bbmedium\u00a0\u00bb alignment=\u00a0\u00bbcenter\u00a0\u00bb css=\u00a0\u00bb.vc_custom_1674673784715{padding-bottom: 30px !important;}\u00a0\u00bb]<div id=\"ultimate-heading-46369e3b264839d0\" class=\"uvc-heading ult-adjust-bottom-margin ultimate-heading-46369e3b264839d0 uvc-3469  uvc-heading-default-font-sizes\" data-hspacer=\"line_only\"  data-halign=\"center\" style=\"text-align:center\"><div class=\"uvc-main-heading ult-responsive\"  data-ultimate-target='.uvc-heading.ultimate-heading-46369e3b264839d0 h3'  data-responsive-json-new='{\"font-size\":\"\",\"line-height\":\"\"}' ><h3 style=\"--font-weight:theme;color:#002d62;\">Date limite pour l\u2019inscription<\/h3><\/div><div class=\"uvc-heading-spacer line_only\" style=\"margin-top:5px;margin-bottom:10px;height:2px;\"><span class=\"uvc-headings-line\" style=\"border-style:solid;border-bottom-width:2px;border-color:#002d62;width:220px;\"><\/span><\/div><\/div>[vc_column_text css=\u00a0\u00bb.vc_custom_1674433508783{padding-bottom: 20px !important;}\u00a0\u00bb]<\/p>\n<p style=\"text-align: center;\"><span style=\"color: #ffffff; text-shadow: 1px 1px 1px #000000;\"><strong><span style=\"font-size: 18pt;\">1 d\u00e9cembre<\/span><\/strong><\/span><\/p>\n<p>[\/vc_column_text]<div id=\"ultimate-heading-838269e3b26483a95\" class=\"uvc-heading ult-adjust-bottom-margin ultimate-heading-838269e3b26483a95 uvc-9291  uvc-heading-default-font-sizes\" data-hspacer=\"line_only\"  data-halign=\"center\" style=\"text-align:center\"><div class=\"uvc-main-heading ult-responsive\"  data-ultimate-target='.uvc-heading.ultimate-heading-838269e3b26483a95 h3'  data-responsive-json-new='{\"font-size\":\"\",\"line-height\":\"\"}' ><h3 style=\"--font-weight:theme;color:#002d62;\">Montant de la bourse<\/h3><\/div><div class=\"uvc-heading-spacer line_only\" style=\"margin-top:5px;margin-bottom:10px;height:2px;\"><span class=\"uvc-headings-line\" style=\"border-style:solid;border-bottom-width:2px;border-color:#002d62;width:165px;\"><\/span><\/div><\/div>[vc_column_text]<\/p>\n<p style=\"text-align: center;\"><span style=\"color: #ffffff; text-shadow: 1px 1px 1px #000000;\"><strong><span style=\"font-size: 18pt;\">500$<\/span><\/strong><\/span><\/p>\n<p>[\/vc_column_text][\/vc_column][\/vc_row]<\/p>\n<\/div>","protected":false},"excerpt":{"rendered":"<p>[vc_row][vc_column width=\u00a0\u00bb3\/4&Prime;][vc_column_text css=\u00a0\u00bb.vc_custom_1674432841252{padding-bottom: 20px !important;}\u00a0\u00bb]La Fondation Lampe offre 3 bourses \u00e0 une \u00e9tudiante, ou un \u00e9tudiant, autochtone \u00e0 temps plein, qui fr\u00e9quente le Coll\u00e8ge Champlain, Campus Lennoxville, ayant d\u00e9j\u00e0 compl\u00e9t\u00e9 au moins une ann\u00e9e \u00e0 temps plein \u00e0 cette institution scolaire.[\/vc_column_text][\/vc_column][vc_column width=\u00a0\u00bb1\/4&Prime; css=\u00a0\u00bb.vc_custom_1668647156763{padding-top: 10px !important;padding-right: 10px !important;padding-bottom: 10px !important;padding-left: 10px !important;background-color: #fdba1c !important;}\u00a0\u00bb][vc_single_image image=\u00a0\u00bb3606&Prime; img_size=\u00a0\u00bbmedium\u00a0\u00bb&hellip;<\/p>\n","protected":false},"author":1,"featured_media":0,"parent":0,"menu_order":0,"comment_status":"closed","ping_status":"closed","template":"","meta":{"ngg_post_thumbnail":0,"footnotes":""},"class_list":["post-3395","page","type-page","status-publish","hentry","description-off"],"_links":{"self":[{"href":"https:\/\/lampefoundation.org\/fr\/wp-json\/wp\/v2\/pages\/3395","targetHints":{"allow":["GET"]}}],"collection":[{"href":"https:\/\/lampefoundation.org\/fr\/wp-json\/wp\/v2\/pages"}],"about":[{"href":"https:\/\/lampefoundation.org\/fr\/wp-json\/wp\/v2\/types\/page"}],"author":[{"embeddable":true,"href":"https:\/\/lampefoundation.org\/fr\/wp-json\/wp\/v2\/users\/1"}],"replies":[{"embeddable":true,"href":"https:\/\/lampefoundation.org\/fr\/wp-json\/wp\/v2\/comments?post=3395"}],"version-history":[{"count":6,"href":"https:\/\/lampefoundation.org\/fr\/wp-json\/wp\/v2\/pages\/3395\/revisions"}],"predecessor-version":[{"id":3849,"href":"https:\/\/lampefoundation.org\/fr\/wp-json\/wp\/v2\/pages\/3395\/revisions\/3849"}],"wp:attachment":[{"href":"https:\/\/lampefoundation.org\/fr\/wp-json\/wp\/v2\/media?parent=3395"}],"curies":[{"name":"wp","href":"https:\/\/api.w.org\/{rel}","templated":true}]}}