{"id":3404,"date":"2013-03-05T01:32:02","date_gmt":"2013-03-05T06:32:02","guid":{"rendered":"https:\/\/lampefoundation.org\/guide-for-lampe-foundation-mentors\/"},"modified":"2023-01-22T19:35:17","modified_gmt":"2023-01-23T00:35:17","slug":"guide-pour-les-mentors-de-la-fondation-lampe","status":"publish","type":"page","link":"https:\/\/lampefoundation.org\/fr\/guide-pour-les-mentors-de-la-fondation-lampe\/","title":{"rendered":"Guide pour les mentors de la Fondation Lampe"},"content":{"rendered":"<div class=\"wpb-content-wrapper\"><p>[vc_row][vc_column][vc_row_inner][vc_column_inner width=\u00a0\u00bb2\/3&Prime;][vc_column_text css=\u00a0\u00bb.vc_custom_1674433691978{padding-bottom: 20px !important;}\u00a0\u00bb]<\/p>\n<h3>Introduction<\/h3>\n<p>Chaque ann\u00e9e, la Fondation Lampe soutient l&rsquo;\u00e9ducation en attribuant des bourses d&rsquo;h\u00e9ritage \u00e0 des lyc\u00e9ens locaux et des prix d\u00e9sign\u00e9s dans divers niveaux et domaines d&rsquo;\u00e9tudes. Ces domaines comprennent la formation professionnelle, les soins de sant\u00e9 et le leadership, du niveau professionnel au niveau postsecondaire. Nous vous invitons \u00e0 participer en tant que mentor, une personne qui peut fournir des conseils, des encouragements et une orientation au laur\u00e9at sp\u00e9cifique. L&rsquo;objectif de ce guide, en conjonction avec le Guide des laur\u00e9ats de la Fondation Lampe, est de fournir des informations sur la mani\u00e8re de mettre en place un partenariat r\u00e9ussi et productif. Les deux guides ainsi que les listes de bourses et leurs conditions d&rsquo;obtention sont accessibles en consultant la barre sup\u00e9rieure de la page d&rsquo;accueil du site www.lampefoundation.org.[\/vc_column_text][\/vc_column_inner][vc_column_inner width=\u00a0\u00bb1\/3&Prime;][vc_single_image image=\u00a0\u00bb3228&Prime; img_size=\u00a0\u00bbfull\u00a0\u00bb][\/vc_column_inner][\/vc_row_inner]<div class=\"standard-arrow bullet-top\"><h3>Le but et les avantages d&rsquo;\u00eatre un mentor<\/h3>\n<p>Nous d\u00e9finissons le mentorat comme un partenariat. Chaque partenaire a un r\u00f4le \u00e0 jouer et tous deux doivent s&rsquo;investir conjointement dans la relation afin d&rsquo;en tirer le meilleur parti. Pour le mentor, la relation offre l&rsquo;occasion de partager ses connaissances et ses exp\u00e9riences avec une personne qui souhaite b\u00e9n\u00e9ficier de cet \u00e9change. Elle offre \u00e9galement l&rsquo;occasion de se familiariser avec des talents en devenir et d&rsquo;apprendre d&rsquo;eux..<\/p>\n<h3>\u00c9tapes de la relation de mentorat<\/h3>\n<ol>\n<li>La personne sera contact\u00e9e par un membre du comit\u00e9 de mentorat pour devenir le mentor d&rsquo;un laur\u00e9at sp\u00e9cifique (mentor\u00e9).<\/li>\n<li>Le mentor sera inform\u00e9 que le mentor\u00e9 a re\u00e7u ses coordonn\u00e9es.<\/li>\n<li>Lorsque le mentor est contact\u00e9, le moyen et le lieu de contact pr\u00e9f\u00e9r\u00e9s des deux parties sont \u00e9tablis.<\/li>\n<li>Le mentor\u00e9 doit fournir quelques informations de base et ses objectifs de carri\u00e8re (s&rsquo;il en a).<\/li>\n<li>Comme chaque relation a son propre rythme, les participants doivent discuter et \u00e9tablir leur propre fr\u00e9quence de rencontres ou de communication. Il est sugg\u00e9r\u00e9 que les intervalles entre les contacts ne d\u00e9passent pas six semaines.<\/li>\n<li>Les mentor\u00e9s peuvent utiliser les questions sugg\u00e9r\u00e9es dans le Guide du laur\u00e9at comme base de vos discussions initiales. Les sujets g\u00e9n\u00e9raux comprennent :<br \/>\n\u2022 Le parcours professionnel et la formation<br \/>\n\u2022 Poste actuel et responsabilit\u00e9s<br \/>\n\u2022 Conditions de travail et objectifs<br \/>\n\u2022 Les recommandations.<\/li>\n<li>Toutes les discussions sont confidentielles.<\/li>\n<li>La relation entre vous et votre mentor\u00e9 d\u00e9pendra de votre propre situation. Certaines relations de mentorat Lampe ont dur\u00e9 six mois alors que d&rsquo;autres ont dur\u00e9 des ann\u00e9es.<\/li>\n<li>Lorsque l&rsquo;utilit\u00e9 de la relation de mentorat a atteint sa fin, veuillez en informer un membre du comit\u00e9 de mentorat.<\/li>\n<li>N&rsquo;h\u00e9sitez pas \u00e0 contacter les membres du comit\u00e9 pour tout commentaire, question ou pr\u00e9occupation.<\/li>\n<\/ol>\n<p>Les membres du comit\u00e9 appr\u00e9cient votre participation \u00e0 cette importante exp\u00e9rience \u00e9ducative et appr\u00e9cieraient de recevoir vos commentaires sur la mani\u00e8re dont nous pourrions am\u00e9liorer la proc\u00e9dure.<\/p>\n<p>Wendy Durrant<br \/>\nEsther Barnett<br \/>\nJoanne Craig<br \/>\nCarol Mooney<\/p>\n<p><em><strong>Derni\u00e8re mise \u00e0 jour 08.02.2017<\/strong><\/em><\/p>\n<\/div>[\/vc_column][\/vc_row]<\/p>\n<\/div>","protected":false},"excerpt":{"rendered":"<p>[vc_row][vc_column][vc_row_inner][vc_column_inner width=\u00a0\u00bb2\/3&Prime;][vc_column_text css=\u00a0\u00bb.vc_custom_1674433691978{padding-bottom: 20px !important;}\u00a0\u00bb] Introduction Chaque ann\u00e9e, la Fondation Lampe soutient l&rsquo;\u00e9ducation en attribuant des bourses d&rsquo;h\u00e9ritage \u00e0 des lyc\u00e9ens locaux et des prix d\u00e9sign\u00e9s dans divers niveaux et domaines d&rsquo;\u00e9tudes. Ces domaines comprennent la formation professionnelle, les soins de sant\u00e9 et le leadership, du niveau professionnel au niveau postsecondaire. Nous vous invitons \u00e0&hellip;<\/p>\n","protected":false},"author":1,"featured_media":0,"parent":0,"menu_order":0,"comment_status":"closed","ping_status":"closed","template":"","meta":{"ngg_post_thumbnail":0,"footnotes":""},"class_list":["post-3404","page","type-page","status-publish","hentry","description-off"],"_links":{"self":[{"href":"https:\/\/lampefoundation.org\/fr\/wp-json\/wp\/v2\/pages\/3404","targetHints":{"allow":["GET"]}}],"collection":[{"href":"https:\/\/lampefoundation.org\/fr\/wp-json\/wp\/v2\/pages"}],"about":[{"href":"https:\/\/lampefoundation.org\/fr\/wp-json\/wp\/v2\/types\/page"}],"author":[{"embeddable":true,"href":"https:\/\/lampefoundation.org\/fr\/wp-json\/wp\/v2\/users\/1"}],"replies":[{"embeddable":true,"href":"https:\/\/lampefoundation.org\/fr\/wp-json\/wp\/v2\/comments?post=3404"}],"version-history":[{"count":2,"href":"https:\/\/lampefoundation.org\/fr\/wp-json\/wp\/v2\/pages\/3404\/revisions"}],"predecessor-version":[{"id":3406,"href":"https:\/\/lampefoundation.org\/fr\/wp-json\/wp\/v2\/pages\/3404\/revisions\/3406"}],"wp:attachment":[{"href":"https:\/\/lampefoundation.org\/fr\/wp-json\/wp\/v2\/media?parent=3404"}],"curies":[{"name":"wp","href":"https:\/\/api.w.org\/{rel}","templated":true}]}}