{"id":3422,"date":"2023-01-20T21:08:54","date_gmt":"2023-01-21T02:08:54","guid":{"rendered":"https:\/\/lampefoundation.org\/page-lennoxville-vtc-scholarship\/"},"modified":"2023-01-23T21:52:44","modified_gmt":"2023-01-24T02:52:44","slug":"bourses-du-centre-de-formation-professionnelle-lennoxville","status":"publish","type":"page","link":"https:\/\/lampefoundation.org\/fr\/bourses-du-centre-de-formation-professionnelle-lennoxville\/","title":{"rendered":"Bourses du Centre de formation professionnelle Lennoxville"},"content":{"rendered":"<div class=\"wpb-content-wrapper\"><p>[vc_row][vc_column width=\u00a0\u00bb3\/4&Prime;][vc_column_text css=\u00a0\u00bb.vc_custom_1674450937938{padding-bottom: 20px !important;}\u00a0\u00bb]<strong style=\"font-size: 18pt;\">Ces bourses sont octroy\u00e9es pour l\u2019effort des dipl\u00f4m\u00e9es dans les secteurs des soudage et usinage . Les bourses seront, de pr\u00e9f\u00e9rence, d\u00e9cern\u00e9es \u00e0 des femmes ayant des enfants \u00e0 la maison.<\/strong>[\/vc_column_text]<div class=\"standard-arrow bullet-top\"><div>\n<div>\n<div>\n<div><strong>CRIT\u00c8RES D\u2019ADMISSIBILIT\u00c9<\/strong><\/div>\n<\/div>\n<\/div>\n<\/div>\n<ul>\n<li>Bourses offertes aux femmes seulement<\/li>\n<\/ul>\n<\/div>[\/vc_column][vc_column width=\u00a0\u00bb1\/4&Prime; css=\u00a0\u00bb.vc_custom_1668647156763{padding-top: 10px !important;padding-right: 10px !important;padding-bottom: 10px !important;padding-left: 10px !important;background-color: #fdba1c !important;}\u00a0\u00bb][vc_single_image image=\u00a0\u00bb3216&Prime; img_size=\u00a0\u00bbmedium\u00a0\u00bb alignment=\u00a0\u00bbcenter\u00a0\u00bb css=\u00a0\u00bb.vc_custom_1674265117260{padding-bottom: 30px !important;}\u00a0\u00bb]<div id=\"ultimate-heading-421669e4d5f59de4b\" class=\"uvc-heading ult-adjust-bottom-margin ultimate-heading-421669e4d5f59de4b uvc-325  uvc-heading-default-font-sizes\" data-hspacer=\"line_only\"  data-halign=\"center\" style=\"text-align:center\"><div class=\"uvc-main-heading ult-responsive\"  data-ultimate-target='.uvc-heading.ultimate-heading-421669e4d5f59de4b h3'  data-responsive-json-new='{\"font-size\":\"\",\"line-height\":\"\"}' ><h3 style=\"--font-weight:theme;color:#002d62;\">Montant de la bourse<\/h3><\/div><div class=\"uvc-heading-spacer line_only\" style=\"margin-top:5px;margin-bottom:10px;height:2px;\"><span class=\"uvc-headings-line\" style=\"border-style:solid;border-bottom-width:2px;border-color:#002d62;width:165px;\"><\/span><\/div><\/div>[vc_column_text]<\/p>\n<p style=\"text-align: center;\"><span style=\"color: #ffffff; text-shadow: 1px 1px 1px #000000;\"><strong><span style=\"font-size: 18pt;\">150$<\/span><\/strong><\/span><\/p>\n<p>[\/vc_column_text][\/vc_column][\/vc_row]<\/p>\n<\/div>","protected":false},"excerpt":{"rendered":"<p>[vc_row][vc_column width=\u00a0\u00bb3\/4&Prime;][vc_column_text css=\u00a0\u00bb.vc_custom_1674450937938{padding-bottom: 20px !important;}\u00a0\u00bb]Ces bourses sont octroy\u00e9es pour l\u2019effort des dipl\u00f4m\u00e9es dans les secteurs des soudage et usinage . Les bourses seront, de pr\u00e9f\u00e9rence, d\u00e9cern\u00e9es \u00e0 des femmes ayant des enfants \u00e0 la maison.[\/vc_column_text][\/vc_column][vc_column width=\u00a0\u00bb1\/4&Prime; css=\u00a0\u00bb.vc_custom_1668647156763{padding-top: 10px !important;padding-right: 10px !important;padding-bottom: 10px !important;padding-left: 10px !important;background-color: #fdba1c !important;}\u00a0\u00bb][vc_single_image image=\u00a0\u00bb3216&Prime; img_size=\u00a0\u00bbmedium\u00a0\u00bb alignment=\u00a0\u00bbcenter\u00a0\u00bb css=\u00a0\u00bb.vc_custom_1674265117260{padding-bottom: 30px !important;}\u00a0\u00bb][vc_column_text] 150$ [\/vc_column_text][\/vc_column][\/vc_row]<\/p>\n","protected":false},"author":1,"featured_media":0,"parent":0,"menu_order":0,"comment_status":"closed","ping_status":"closed","template":"","meta":{"ngg_post_thumbnail":0,"footnotes":""},"class_list":["post-3422","page","type-page","status-publish","hentry","description-off"],"_links":{"self":[{"href":"https:\/\/lampefoundation.org\/fr\/wp-json\/wp\/v2\/pages\/3422","targetHints":{"allow":["GET"]}}],"collection":[{"href":"https:\/\/lampefoundation.org\/fr\/wp-json\/wp\/v2\/pages"}],"about":[{"href":"https:\/\/lampefoundation.org\/fr\/wp-json\/wp\/v2\/types\/page"}],"author":[{"embeddable":true,"href":"https:\/\/lampefoundation.org\/fr\/wp-json\/wp\/v2\/users\/1"}],"replies":[{"embeddable":true,"href":"https:\/\/lampefoundation.org\/fr\/wp-json\/wp\/v2\/comments?post=3422"}],"version-history":[{"count":4,"href":"https:\/\/lampefoundation.org\/fr\/wp-json\/wp\/v2\/pages\/3422\/revisions"}],"predecessor-version":[{"id":3552,"href":"https:\/\/lampefoundation.org\/fr\/wp-json\/wp\/v2\/pages\/3422\/revisions\/3552"}],"wp:attachment":[{"href":"https:\/\/lampefoundation.org\/fr\/wp-json\/wp\/v2\/media?parent=3422"}],"curies":[{"name":"wp","href":"https:\/\/api.w.org\/{rel}","templated":true}]}}