{"id":3811,"date":"2023-11-05T21:24:08","date_gmt":"2023-11-06T02:24:08","guid":{"rendered":"https:\/\/lampefoundation.org\/?page_id=3811"},"modified":"2023-11-05T21:24:39","modified_gmt":"2023-11-06T02:24:39","slug":"politique-de-confidentialite","status":"publish","type":"page","link":"https:\/\/lampefoundation.org\/fr\/politique-de-confidentialite\/","title":{"rendered":"Politique de confidentialit\u00e9"},"content":{"rendered":"<h1>Politique de confidentialit\u00e9 de LAMPE Foundation<\/h1>\n<p>Sur le site LAMPE Founcation, accessible \u00e0 partir de https:\/\/lampefoundation.org, l&rsquo;une de nos principales priorit\u00e9s est la protection de la vie priv\u00e9e de nos visiteurs. Ce document de politique de confidentialit\u00e9 contient les types d&rsquo;informations qui sont collect\u00e9es et enregistr\u00e9es par LAMPE Founcation et la fa\u00e7on dont nous les utilisons.<\/p>\n<p>La politique de confidentialit\u00e9 de LAMPE Founcation, accessible \u00e0 l&rsquo;adresse suivante :<\/p>\n<p>Si vous avez des questions suppl\u00e9mentaires ou si vous souhaitez obtenir plus d&rsquo;informations sur notre politique de confidentialit\u00e9, n&rsquo;h\u00e9sitez pas \u00e0 nous contacter.<\/p>\n<p>La pr\u00e9sente politique de confidentialit\u00e9 s&rsquo;applique \u00e0 tous les visiteurs de LAMPE Founcation.<\/p>\n<h2>Consentement<\/h2>\n<p>En utilisant notre site web, vous consentez par la pr\u00e9sente \u00e0 notre politique de confidentialit\u00e9 et en acceptez les termes.<\/p>\n<h2>Informations que nous collectons<\/h2>\n<p>Les informations personnelles que vous nous fournissez ne sont pas confidentielles.<\/p>\n<p>Les informations personnelles qui vous sont demand\u00e9es, et les raisons pour lesquelles elles vous sont demand\u00e9es, vous seront expliqu\u00e9es clairement au moment o\u00f9 nous vous demanderons de fournir vos informations personnelles.<\/p>\n<p>Si vous nous contactez, vous pouvez nous demander de vous fournir des informations personnelles.<\/p>\n<p>Si vous nous contactez directement, nous pouvons recevoir des informations suppl\u00e9mentaires vous concernant, telles que votre nom, votre adresse \u00e9lectronique, votre num\u00e9ro de t\u00e9l\u00e9phone, le contenu du message et\/ou des pi\u00e8ces jointes que vous pouvez nous envoyer, ainsi que toute autre information que vous pouvez choisir de fournir.<\/p>\n<p>Lorsque vous vous inscrivez sur le site Web de l&rsquo;Agence, vous devez fournir des informations sur la nature et l&rsquo;\u00e9tendue de vos activit\u00e9s.<\/p>\n<p>Lorsque vous vous inscrivez pour ouvrir un compte, nous pouvons vous demander vos coordonn\u00e9es, notamment votre nom, le nom de votre soci\u00e9t\u00e9, votre adresse, votre adresse \u00e9lectronique et votre num\u00e9ro de t\u00e9l\u00e9phone.<\/p>\n<h2>How we use your information<\/h2>\n<p>We use the information we collect in various ways, including to:<\/p>\n<ul>\n<li>Provide, operate, and maintain our website<\/li>\n<li>Improve, personalize, and expand our website<\/li>\n<li>Understand and analyze how you use our website<\/li>\n<li>Develop new products, services, features, and functionality<\/li>\n<li>Communicate with you, either directly or through one of our partners, including for customer service, to provide you with updates and other information relating to the website, and for marketing and promotional purposes<\/li>\n<li>Send you emails<\/li>\n<li>Find and prevent fraud<\/li>\n<\/ul>\n<h2>Log Files<\/h2>\n<p>LAMPE Founcation follows a standard procedure of using log files. These files log visitors when they visit websites. Toutes les soci\u00e9t\u00e9s d&rsquo;h\u00e9bergement le font et cela fait partie de l&rsquo;analyse des services d&rsquo;h\u00e9bergement. Les informations collect\u00e9es par les fichiers journaux comprennent les adresses de protocole Internet (IP), le type de navigateur, le fournisseur d&rsquo;acc\u00e8s Internet (FAI), la date et l&rsquo;heure, les pages de renvoi et de sortie, et \u00e9ventuellement le nombre de clics. Ces donn\u00e9es ne sont pas li\u00e9es \u00e0 des informations personnellement identifiables. L&rsquo;objectif de ces informations est d&rsquo;analyser les tendances, d&rsquo;administrer le site, de suivre les mouvements des utilisateurs sur le site et de recueillir des informations d\u00e9mographiques.<\/p>\n<h2>Cookies et balises web<\/h2>\n<h2>Politiques de confidentialit\u00e9 des partenaires publicitaires<\/h2>\n<p>Vous pouvez consulter cette liste pour trouver la politique de confidentialit\u00e9 de chacun des partenaires publicitaires de LAMPE Founcation.<\/p>\n<p>Les serveurs publicitaires tiers ou les r\u00e9seaux publicitaires utilisent des technologies telles que les cookies, JavaScript, ou Web Beacons qui sont utilis\u00e9s dans leurs publicit\u00e9s et liens respectifs qui apparaissent sur LAMPE Founcation, qui sont envoy\u00e9s directement au navigateur des utilisateurs. Ils re\u00e7oivent automatiquement votre adresse IP lorsque cela se produit. Ces technologies sont utilis\u00e9es pour mesurer l&rsquo;efficacit\u00e9 de leurs campagnes publicitaires et\/ou pour personnaliser le contenu publicitaire que vous voyez sur les sites Web que vous visitez.<\/p>\n<p>Notez que LAMPE Founcation n&rsquo;a aucun acc\u00e8s ou contr\u00f4le sur ces cookies qui sont utilis\u00e9s par des annonceurs tiers.<\/p>\n<h2>Politiques de confidentialit\u00e9 des tiers<\/h2>\n<p style=\"text-align: justify;\">Les droits de la protection de la vie priv\u00e9e de la CCPA sont prot\u00e9g\u00e9s par la loi.<\/p>\n<h2>Droits \u00e0 la protection de la vie priv\u00e9e en vertu de la loi sur la protection des donn\u00e9es (Ne vendez pas mes informations personnelles)<\/h2>\n<h2>Droits \u00e0 la vie priv\u00e9e selon la CCPA (Ne vendez pas mes informations personnelles)<\/h2>\n<p>En vertu de la CCPA, les consommateurs californiens ont notamment le droit de :<\/p>\n<p>Demander \u00e0 une entreprise de supprimer toutes les donn\u00e9es \u00e0 caract\u00e8re personnel qu&rsquo;elle a collect\u00e9es sur le consommateur.<\/p>\n<h2>Droits \u00e0 la protection des donn\u00e9es du RGPD<\/h2>\n<p>Nous aimerions nous assurer que vous \u00eates pleinement conscient de tous vos droits en mati\u00e8re de protection des donn\u00e9es. Chaque utilisateur a droit \u00e0 ce qui suit:<\/p>\n<p>Le droit d&rsquo;acc\u00e8s &#8211; Le droit d&rsquo;acc\u00e8s est un droit de l&rsquo;utilisateur.<\/p>\n<p>Le droit d&rsquo;acc\u00e8s &#8211; Vous avez le droit de demander des copies de vos donn\u00e9es \u00e0 caract\u00e8re personnel. Nous pouvons vous facturer une somme modique pour ce service.<\/p>\n<p>Le droit d&rsquo;acc\u00e8s &#8211; Vous avez le droit de demander des copies de vos donn\u00e9es \u00e0 caract\u00e8re personnel.<\/p>\n<p>Le droit de rectification &#8211; Vous avez le droit de demander que nous corrigions toute information que vous estimez inexacte. Vous avez \u00e9galement le droit de nous demander de compl\u00e9ter les informations que vous estimez incompl\u00e8tes.<\/p>\n<p>Le droit \u00e0 l&rsquo;effacement &#8211; Vous avez le droit de nous demander d&rsquo;effacer vos donn\u00e9es \u00e0 caract\u00e8re personnel, sous certaines conditions.<\/p>\n<p>Le droit \u00e0 la restriction &#8211; Vous avez le droit de restreindre l&rsquo;acc\u00e8s \u00e0 vos donn\u00e9es \u00e0 caract\u00e8re personnel.<\/p>\n<p>Le droit de restreindre le traitement &#8211; Vous avez le droit de nous demander de restreindre le traitement de vos donn\u00e9es personnelles, sous certaines conditions.<\/p>\n<p>Le droit de s&rsquo;opposer au traitement &#8211; Vous avez le droit de vous opposer au traitement de vos donn\u00e9es personnelles, sous certaines conditions.<\/p>\n<p>Le droit de s&rsquo;opposer au traitement &#8211; Vous avez le droit de vous opposer \u00e0 ce que nous traitions vos donn\u00e9es \u00e0 caract\u00e8re personnel, sous certaines conditions.<\/p>\n<p>Le droit \u00e0 la portabilit\u00e9 des donn\u00e9es &#8211; Vous avez le droit de nous demander de transf\u00e9rer les donn\u00e9es que nous avons collect\u00e9es \u00e0 une autre organisation, ou directement \u00e0 vous, sous certaines conditions.<\/p>\n<p>Si vous faites une demande, nous avons un mois pour vous r\u00e9pondre. Si vous souhaitez exercer l&rsquo;un de ces droits, veuillez nous contacter.<\/p>\n<h2>Informations sur les enfants<\/h2>\n<p>Une autre de nos priorit\u00e9s est d&rsquo;assurer la protection des enfants lorsqu&rsquo;ils utilisent l&rsquo;internet. Nous encourageons les parents et les tuteurs \u00e0 observer leurs activit\u00e9s en ligne, \u00e0 y participer et\/ou \u00e0 les surveiller et \u00e0 les guider.<\/p>\n<p>Si vous pensez que votre enfant a fourni ce type d&rsquo;informations sur notre site web, nous vous encourageons vivement \u00e0 nous contacter imm\u00e9diatement et nous ferons tout notre possible pour supprimer rapidement ces informations de nos dossiers.<\/p>\n<p>LAMPE Founcation ne recueille pas sciemment d&rsquo;informations personnelles identifiables aupr\u00e8s d&rsquo;enfants de moins de 13 ans.<\/p>\n<h2>Modifications de la pr\u00e9sente politique de confidentialit\u00e9<\/h2>\n<p>Notre politique en mati\u00e8re de protection de la vie priv\u00e9e a \u00e9t\u00e9 \u00e9labor\u00e9e par un groupe d&rsquo;experts ind\u00e9pendants.<\/p>\n<h2>Contactez-nous<\/h2>\n<p>Si vous avez des questions ou des suggestions concernant notre politique de confidentialit\u00e9, n&rsquo;h\u00e9sitez pas \u00e0 nous contacter.<\/p>\n","protected":false},"excerpt":{"rendered":"<p>Politique de confidentialit\u00e9 de LAMPE Foundation Sur le site LAMPE Founcation, accessible \u00e0 partir de https:\/\/lampefoundation.org, l&rsquo;une de nos principales priorit\u00e9s est la protection de la vie priv\u00e9e de nos visiteurs. Ce document de politique de confidentialit\u00e9 contient les types d&rsquo;informations qui sont collect\u00e9es et enregistr\u00e9es par LAMPE Founcation et la fa\u00e7on dont nous les&hellip;<\/p>\n","protected":false},"author":1,"featured_media":0,"parent":0,"menu_order":0,"comment_status":"closed","ping_status":"closed","template":"","meta":{"ngg_post_thumbnail":0,"footnotes":""},"class_list":["post-3811","page","type-page","status-publish","hentry","description-off"],"_links":{"self":[{"href":"https:\/\/lampefoundation.org\/fr\/wp-json\/wp\/v2\/pages\/3811","targetHints":{"allow":["GET"]}}],"collection":[{"href":"https:\/\/lampefoundation.org\/fr\/wp-json\/wp\/v2\/pages"}],"about":[{"href":"https:\/\/lampefoundation.org\/fr\/wp-json\/wp\/v2\/types\/page"}],"author":[{"embeddable":true,"href":"https:\/\/lampefoundation.org\/fr\/wp-json\/wp\/v2\/users\/1"}],"replies":[{"embeddable":true,"href":"https:\/\/lampefoundation.org\/fr\/wp-json\/wp\/v2\/comments?post=3811"}],"version-history":[{"count":3,"href":"https:\/\/lampefoundation.org\/fr\/wp-json\/wp\/v2\/pages\/3811\/revisions"}],"predecessor-version":[{"id":3814,"href":"https:\/\/lampefoundation.org\/fr\/wp-json\/wp\/v2\/pages\/3811\/revisions\/3814"}],"wp:attachment":[{"href":"https:\/\/lampefoundation.org\/fr\/wp-json\/wp\/v2\/media?parent=3811"}],"curies":[{"name":"wp","href":"https:\/\/api.w.org\/{rel}","templated":true}]}}